{"id":728703,"date":"2026-04-01T19:51:55","date_gmt":"2026-04-01T18:51:55","guid":{"rendered":"https:\/\/shop.kustom.ch\/?post_type=product&#038;p=728703"},"modified":"2026-04-01T19:53:34","modified_gmt":"2026-04-01T18:53:34","slug":"rajas-kinder-regenjacke","status":"publish","type":"product","link":"https:\/\/shop.kustom.ch\/fr\/produit\/rajas-kinder-regenjacke\/","title":{"rendered":"Veste de pluie pour enfants Rajas"},"content":{"rendered":"<p>Rajas. Cette veste de pluie l\u00e9g\u00e8re en PU est tr\u00e8s robuste et facile d'entretien. Un compagnon id\u00e9al pour le chemin de l'\u00e9cole, pour la for\u00eat ou partout o\u00f9 une veste imperm\u00e9able est n\u00e9cessaire.<\/p>","protected":false},"excerpt":{"rendered":"<p>Rajas. Cette veste de pluie l\u00e9g\u00e8re en PU est tr\u00e8s robuste et facile d'entretien. Un compagnon id\u00e9al pour le chemin de l'\u00e9cole, pour la for\u00eat ou partout o\u00f9 une veste imperm\u00e9able est n\u00e9cessaire.<\/p>","protected":false},"featured_media":728763,"template":"","meta":[],"product_brand":[],"product_cat":[4186],"product_tag":[],"class_list":{"0":"post-728703","1":"product","2":"type-product","3":"status-publish","4":"has-post-thumbnail","6":"product_cat-jacken","7":"pa_brand-rukka","8":"pa_brand-type-workwear","9":"pa_filter-color-blau","10":"pa_filter-color-violet","12":"first","13":"instock","14":"taxable","15":"shipping-taxable","16":"purchasable","17":"product-type-variable","18":"add-to-wishlist-before_image"},"exclude_global_add_ons":[],"addons":[],"acf":[],"_links":{"self":[{"href":"https:\/\/shop.kustom.ch\/fr\/wp-json\/wp\/v2\/product\/728703"}],"collection":[{"href":"https:\/\/shop.kustom.ch\/fr\/wp-json\/wp\/v2\/product"}],"about":[{"href":"https:\/\/shop.kustom.ch\/fr\/wp-json\/wp\/v2\/types\/product"}],"wp:featuredmedia":[{"embeddable":true,"href":"https:\/\/shop.kustom.ch\/fr\/wp-json\/wp\/v2\/media\/728763"}],"wp:attachment":[{"href":"https:\/\/shop.kustom.ch\/fr\/wp-json\/wp\/v2\/media?parent=728703"}],"wp:term":[{"taxonomy":"product_brand","embeddable":true,"href":"https:\/\/shop.kustom.ch\/fr\/wp-json\/wp\/v2\/product_brand?post=728703"},{"taxonomy":"product_cat","embeddable":true,"href":"https:\/\/shop.kustom.ch\/fr\/wp-json\/wp\/v2\/product_cat?post=728703"},{"taxonomy":"product_tag","embeddable":true,"href":"https:\/\/shop.kustom.ch\/fr\/wp-json\/wp\/v2\/product_tag?post=728703"}],"curies":[{"name":"wp","href":"https:\/\/api.w.org\/{rel}","templated":true}]}}