{"id":728672,"date":"2026-04-01T19:51:34","date_gmt":"2026-04-01T18:51:34","guid":{"rendered":"https:\/\/shop.kustom.ch\/?post_type=product&#038;p=728672"},"modified":"2026-04-01T19:52:42","modified_gmt":"2026-04-01T18:52:42","slug":"jamin-kinder-thermo-overall","status":"publish","type":"product","link":"https:\/\/shop.kustom.ch\/fr\/produit\/jamin-kinder-thermo-overall\/","title":{"rendered":"Combinaison thermique pour enfants Jamin"},"content":{"rendered":"<p>Jamin. La combinaison d'hiver chaude et imperm\u00e9able, permet de s'amuser dans la neige et prot\u00e8ge efficacement les petits aventuriers contre le vent et les intemp\u00e9ries. Avec son col en fourrure synth\u00e9tique amovible, elle est parfaitement \u00e9quip\u00e9e pour affronter le temps hivernal.<\/p>","protected":false},"excerpt":{"rendered":"<p>Jamin. La combinaison d'hiver chaude et imperm\u00e9able, permet de s'amuser dans la neige et prot\u00e8ge efficacement les petits aventuriers contre le vent et les intemp\u00e9ries. Avec son col en fourrure synth\u00e9tique amovible, elle est parfaitement \u00e9quip\u00e9e pour affronter le temps hivernal.<\/p>","protected":false},"featured_media":728728,"template":"","meta":[],"product_brand":[],"product_cat":[4186],"product_tag":[],"class_list":{"0":"post-728672","1":"product","2":"type-product","3":"status-publish","4":"has-post-thumbnail","6":"product_cat-jacken","7":"pa_brand-rukka","8":"pa_brand-type-workwear","9":"pa_filter-color-blau","10":"pa_filter-color-gruen","11":"pa_filter-color-violet","13":"first","14":"instock","15":"taxable","16":"shipping-taxable","17":"purchasable","18":"product-type-variable","19":"add-to-wishlist-before_image"},"exclude_global_add_ons":[],"addons":[],"acf":[],"_links":{"self":[{"href":"https:\/\/shop.kustom.ch\/fr\/wp-json\/wp\/v2\/product\/728672"}],"collection":[{"href":"https:\/\/shop.kustom.ch\/fr\/wp-json\/wp\/v2\/product"}],"about":[{"href":"https:\/\/shop.kustom.ch\/fr\/wp-json\/wp\/v2\/types\/product"}],"wp:featuredmedia":[{"embeddable":true,"href":"https:\/\/shop.kustom.ch\/fr\/wp-json\/wp\/v2\/media\/728728"}],"wp:attachment":[{"href":"https:\/\/shop.kustom.ch\/fr\/wp-json\/wp\/v2\/media?parent=728672"}],"wp:term":[{"taxonomy":"product_brand","embeddable":true,"href":"https:\/\/shop.kustom.ch\/fr\/wp-json\/wp\/v2\/product_brand?post=728672"},{"taxonomy":"product_cat","embeddable":true,"href":"https:\/\/shop.kustom.ch\/fr\/wp-json\/wp\/v2\/product_cat?post=728672"},{"taxonomy":"product_tag","embeddable":true,"href":"https:\/\/shop.kustom.ch\/fr\/wp-json\/wp\/v2\/product_tag?post=728672"}],"curies":[{"name":"wp","href":"https:\/\/api.w.org\/{rel}","templated":true}]}}