{"id":728589,"date":"2026-04-01T19:50:08","date_gmt":"2026-04-01T18:50:08","guid":{"rendered":"https:\/\/shop.kustom.ch\/?post_type=product&#038;p=728589"},"modified":"2026-04-01T19:51:27","modified_gmt":"2026-04-01T18:51:27","slug":"aino-kinder-soft-shell-jacke","status":"publish","type":"product","link":"https:\/\/shop.kustom.ch\/fr\/produit\/aino-kinder-soft-shell-jacke\/","title":{"rendered":"Veste Soft Shell pour enfants Aino"},"content":{"rendered":"<p>Aino. Soft shell super doux et l\u00e9ger qui prot\u00e8ge contre le vent et les intemp\u00e9ries. Le tissu est m\u00eame imperm\u00e9able et bien que les coutures ne soient pas soud\u00e9es ici, Aino reste longtemps \u00e9tanche en cas de pluie l\u00e9g\u00e8re.<\/p>","protected":false},"excerpt":{"rendered":"<p>Aino. Soft shell super doux et l\u00e9ger qui prot\u00e8ge contre le vent et les intemp\u00e9ries. Le tissu est m\u00eame imperm\u00e9able et bien que les coutures ne soient pas soud\u00e9es ici, Aino reste longtemps \u00e9tanche en cas de pluie l\u00e9g\u00e8re.<\/p>","protected":false},"featured_media":728631,"template":"","meta":[],"product_brand":[],"product_cat":[4186],"product_tag":[],"class_list":{"0":"post-728589","1":"product","2":"type-product","3":"status-publish","4":"has-post-thumbnail","6":"product_cat-jacken","7":"pa_brand-rukka","8":"pa_brand-type-workwear","9":"pa_filter-color-blau","10":"pa_filter-color-gruen","12":"first","13":"instock","14":"taxable","15":"shipping-taxable","16":"purchasable","17":"product-type-variable","18":"add-to-wishlist-before_image"},"exclude_global_add_ons":[],"addons":[],"acf":[],"_links":{"self":[{"href":"https:\/\/shop.kustom.ch\/fr\/wp-json\/wp\/v2\/product\/728589"}],"collection":[{"href":"https:\/\/shop.kustom.ch\/fr\/wp-json\/wp\/v2\/product"}],"about":[{"href":"https:\/\/shop.kustom.ch\/fr\/wp-json\/wp\/v2\/types\/product"}],"wp:featuredmedia":[{"embeddable":true,"href":"https:\/\/shop.kustom.ch\/fr\/wp-json\/wp\/v2\/media\/728631"}],"wp:attachment":[{"href":"https:\/\/shop.kustom.ch\/fr\/wp-json\/wp\/v2\/media?parent=728589"}],"wp:term":[{"taxonomy":"product_brand","embeddable":true,"href":"https:\/\/shop.kustom.ch\/fr\/wp-json\/wp\/v2\/product_brand?post=728589"},{"taxonomy":"product_cat","embeddable":true,"href":"https:\/\/shop.kustom.ch\/fr\/wp-json\/wp\/v2\/product_cat?post=728589"},{"taxonomy":"product_tag","embeddable":true,"href":"https:\/\/shop.kustom.ch\/fr\/wp-json\/wp\/v2\/product_tag?post=728589"}],"curies":[{"name":"wp","href":"https:\/\/api.w.org\/{rel}","templated":true}]}}