{"id":728485,"date":"2026-04-01T19:48:41","date_gmt":"2026-04-01T18:48:41","guid":{"rendered":"https:\/\/shop.kustom.ch\/?post_type=product&#038;p=728485"},"modified":"2026-04-01T19:50:30","modified_gmt":"2026-04-01T18:50:30","slug":"elisha-kinder-fleece-jacke","status":"publish","type":"product","link":"https:\/\/shop.kustom.ch\/fr\/produit\/elisha-kinder-fleece-jacke\/","title":{"rendered":"Veste polaire pour enfants Elisha"},"content":{"rendered":"<p>Elisha. Cette polaire l\u00e9g\u00e8re convient bien pour la mi-saison, mais aussi comme couche d'isolation sous une veste de protection contre les intemp\u00e9ries ou une veste de ski. Cette veste peut vraiment \u00eatre utilis\u00e9e de diff\u00e9rentes mani\u00e8res.<\/p>","protected":false},"excerpt":{"rendered":"<p>Elisha. Cette polaire l\u00e9g\u00e8re convient bien pour la mi-saison, mais aussi comme couche d'isolation sous une veste de protection contre les intemp\u00e9ries ou une veste de ski. Cette veste peut vraiment \u00eatre utilis\u00e9e de diff\u00e9rentes mani\u00e8res.<\/p>","protected":false},"featured_media":728541,"template":"","meta":[],"product_brand":[],"product_cat":[4186],"product_tag":[],"class_list":{"0":"post-728485","1":"product","2":"type-product","3":"status-publish","4":"has-post-thumbnail","6":"product_cat-jacken","7":"pa_brand-rukka","8":"pa_brand-type-workwear","9":"pa_filter-color-blau","10":"pa_filter-color-gelb","11":"pa_filter-color-gruen","12":"pa_filter-color-rot","13":"pa_filter-color-violet","15":"first","16":"instock","17":"taxable","18":"shipping-taxable","19":"purchasable","20":"product-type-variable","21":"add-to-wishlist-before_image"},"exclude_global_add_ons":[],"addons":[],"acf":[],"_links":{"self":[{"href":"https:\/\/shop.kustom.ch\/fr\/wp-json\/wp\/v2\/product\/728485"}],"collection":[{"href":"https:\/\/shop.kustom.ch\/fr\/wp-json\/wp\/v2\/product"}],"about":[{"href":"https:\/\/shop.kustom.ch\/fr\/wp-json\/wp\/v2\/types\/product"}],"wp:featuredmedia":[{"embeddable":true,"href":"https:\/\/shop.kustom.ch\/fr\/wp-json\/wp\/v2\/media\/728541"}],"wp:attachment":[{"href":"https:\/\/shop.kustom.ch\/fr\/wp-json\/wp\/v2\/media?parent=728485"}],"wp:term":[{"taxonomy":"product_brand","embeddable":true,"href":"https:\/\/shop.kustom.ch\/fr\/wp-json\/wp\/v2\/product_brand?post=728485"},{"taxonomy":"product_cat","embeddable":true,"href":"https:\/\/shop.kustom.ch\/fr\/wp-json\/wp\/v2\/product_cat?post=728485"},{"taxonomy":"product_tag","embeddable":true,"href":"https:\/\/shop.kustom.ch\/fr\/wp-json\/wp\/v2\/product_tag?post=728485"}],"curies":[{"name":"wp","href":"https:\/\/api.w.org\/{rel}","templated":true}]}}