{"id":728467,"date":"2026-04-01T19:48:14","date_gmt":"2026-04-01T18:48:14","guid":{"rendered":"https:\/\/shop.kustom.ch\/?post_type=product&#038;p=728467"},"modified":"2026-04-01T19:49:34","modified_gmt":"2026-04-01T18:49:34","slug":"yuri-kinder-regenhose","status":"publish","type":"product","link":"https:\/\/shop.kustom.ch\/fr\/produit\/yuri-kinder-regenhose\/","title":{"rendered":"Yuri pantalon de pluie pour enfants"},"content":{"rendered":"<p>Yuri . Un pantalon de pluie robuste avec des pipings r\u00e9fl\u00e9chissants sur les c\u00f4t\u00e9s, qui r\u00e9siste \u00e0 beaucoup de choses. Les genoux et le fond du pantalon sont renforc\u00e9s pour garantir la durabilit\u00e9.<\/p>","protected":false},"excerpt":{"rendered":"<p>Yuri . Un pantalon de pluie robuste avec des pipings r\u00e9fl\u00e9chissants sur les c\u00f4t\u00e9s, qui r\u00e9siste \u00e0 beaucoup de choses. Les genoux et le fond du pantalon sont renforc\u00e9s pour garantir la durabilit\u00e9.<\/p>","protected":false},"featured_media":728525,"template":"","meta":[],"product_brand":[],"product_cat":[4185],"product_tag":[],"class_list":{"0":"post-728467","1":"product","2":"type-product","3":"status-publish","4":"has-post-thumbnail","6":"product_cat-hosen","7":"pa_brand-rukka","8":"pa_brand-type-workwear","9":"pa_filter-color-grau","10":"pa_filter-color-schwarz","12":"first","13":"instock","14":"taxable","15":"shipping-taxable","16":"purchasable","17":"product-type-variable","18":"add-to-wishlist-before_image"},"exclude_global_add_ons":[],"addons":[],"acf":[],"_links":{"self":[{"href":"https:\/\/shop.kustom.ch\/fr\/wp-json\/wp\/v2\/product\/728467"}],"collection":[{"href":"https:\/\/shop.kustom.ch\/fr\/wp-json\/wp\/v2\/product"}],"about":[{"href":"https:\/\/shop.kustom.ch\/fr\/wp-json\/wp\/v2\/types\/product"}],"wp:featuredmedia":[{"embeddable":true,"href":"https:\/\/shop.kustom.ch\/fr\/wp-json\/wp\/v2\/media\/728525"}],"wp:attachment":[{"href":"https:\/\/shop.kustom.ch\/fr\/wp-json\/wp\/v2\/media?parent=728467"}],"wp:term":[{"taxonomy":"product_brand","embeddable":true,"href":"https:\/\/shop.kustom.ch\/fr\/wp-json\/wp\/v2\/product_brand?post=728467"},{"taxonomy":"product_cat","embeddable":true,"href":"https:\/\/shop.kustom.ch\/fr\/wp-json\/wp\/v2\/product_cat?post=728467"},{"taxonomy":"product_tag","embeddable":true,"href":"https:\/\/shop.kustom.ch\/fr\/wp-json\/wp\/v2\/product_tag?post=728467"}],"curies":[{"name":"wp","href":"https:\/\/api.w.org\/{rel}","templated":true}]}}