{"id":728365,"date":"2026-04-01T19:46:54","date_gmt":"2026-04-01T18:46:54","guid":{"rendered":"https:\/\/shop.kustom.ch\/?post_type=product&#038;p=728365"},"modified":"2026-04-01T19:48:34","modified_gmt":"2026-04-01T18:48:34","slug":"charlie-kinder-winterhose","status":"publish","type":"product","link":"https:\/\/shop.kustom.ch\/fr\/produit\/charlie-kinder-winterhose\/","title":{"rendered":"Charlie pantalons d'hiver pour enfants"},"content":{"rendered":"<p>Charlie. Un super pantalon de neige pour enfants, coup\u00e9 haut avec des bretelles pour \u00e9viter que la neige ou le froid ne p\u00e9n\u00e8tre. L\u00e9g\u00e8rement \u00e9lastiqu\u00e9e \u00e0 la taille, elle convient parfaitement \u00e0 chaque enfant. Imperm\u00e9able, coupe-vent et merveilleusement chaud.<\/p>","protected":false},"excerpt":{"rendered":"<p>Charlie. Un super pantalon de neige pour enfants, coup\u00e9 haut avec des bretelles pour \u00e9viter que la neige ou le froid ne p\u00e9n\u00e8tre. L\u00e9g\u00e8rement \u00e9lastiqu\u00e9e \u00e0 la taille, elle convient parfaitement \u00e0 chaque enfant. Imperm\u00e9able, coupe-vent et merveilleusement chaud.<\/p>","protected":false},"featured_media":728409,"template":"","meta":[],"product_brand":[],"product_cat":[4185],"product_tag":[],"class_list":{"0":"post-728365","1":"product","2":"type-product","3":"status-publish","4":"has-post-thumbnail","6":"product_cat-hosen","7":"pa_brand-rukka","8":"pa_brand-type-workwear","9":"pa_filter-color-blau","10":"pa_filter-color-braun","11":"pa_filter-color-grau","12":"pa_filter-color-gruen","13":"pa_filter-color-orange","14":"pa_filter-color-pink","16":"first","17":"instock","18":"taxable","19":"shipping-taxable","20":"purchasable","21":"product-type-variable","22":"add-to-wishlist-before_image"},"exclude_global_add_ons":[],"addons":[],"acf":[],"_links":{"self":[{"href":"https:\/\/shop.kustom.ch\/fr\/wp-json\/wp\/v2\/product\/728365"}],"collection":[{"href":"https:\/\/shop.kustom.ch\/fr\/wp-json\/wp\/v2\/product"}],"about":[{"href":"https:\/\/shop.kustom.ch\/fr\/wp-json\/wp\/v2\/types\/product"}],"wp:featuredmedia":[{"embeddable":true,"href":"https:\/\/shop.kustom.ch\/fr\/wp-json\/wp\/v2\/media\/728409"}],"wp:attachment":[{"href":"https:\/\/shop.kustom.ch\/fr\/wp-json\/wp\/v2\/media?parent=728365"}],"wp:term":[{"taxonomy":"product_brand","embeddable":true,"href":"https:\/\/shop.kustom.ch\/fr\/wp-json\/wp\/v2\/product_brand?post=728365"},{"taxonomy":"product_cat","embeddable":true,"href":"https:\/\/shop.kustom.ch\/fr\/wp-json\/wp\/v2\/product_cat?post=728365"},{"taxonomy":"product_tag","embeddable":true,"href":"https:\/\/shop.kustom.ch\/fr\/wp-json\/wp\/v2\/product_tag?post=728365"}],"curies":[{"name":"wp","href":"https:\/\/api.w.org\/{rel}","templated":true}]}}