{"id":728333,"date":"2026-04-01T19:46:22","date_gmt":"2026-04-01T18:46:22","guid":{"rendered":"https:\/\/shop.kustom.ch\/?post_type=product&#038;p=728333"},"modified":"2026-04-01T19:47:44","modified_gmt":"2026-04-01T18:47:44","slug":"cargo-pants-kinder-hose","status":"publish","type":"product","link":"https:\/\/shop.kustom.ch\/fr\/produit\/cargo-pants-kinder-hose\/","title":{"rendered":"Pantalon Cargo Pants enfants"},"content":{"rendered":"<p>Pantalon cargo. Fabriqu\u00e9s dans un tissu \u00e9lastique, l\u00e9ger et agr\u00e9able au toucher, ils sont extr\u00eamement confortables et polyvalents. Leur coupe exceptionnelle les rend non seulement id\u00e9aux pour les excursions dans la nature, mais aussi parfaits pour le quotidien. Une fois enfil\u00e9, on n'a plus envie de l'enlever.<\/p>","protected":false},"excerpt":{"rendered":"<p>Pantalon cargo. Fabriqu\u00e9s dans un tissu \u00e9lastique, l\u00e9ger et agr\u00e9able au toucher, ils sont extr\u00eamement confortables et polyvalents. Leur coupe exceptionnelle les rend non seulement id\u00e9aux pour les excursions dans la nature, mais aussi parfaits pour le quotidien. Une fois enfil\u00e9, on n'a plus envie de l'enlever.<\/p>","protected":false},"featured_media":728389,"template":"","meta":[],"product_brand":[],"product_cat":[4185],"product_tag":[],"class_list":{"0":"post-728333","1":"product","2":"type-product","3":"status-publish","4":"has-post-thumbnail","6":"product_cat-hosen","7":"pa_brand-rukka","8":"pa_brand-type-workwear","9":"pa_filter-color-grau","10":"pa_filter-color-gruen","12":"first","13":"instock","14":"taxable","15":"shipping-taxable","16":"purchasable","17":"product-type-variable","18":"add-to-wishlist-before_image"},"exclude_global_add_ons":[],"addons":[],"acf":[],"_links":{"self":[{"href":"https:\/\/shop.kustom.ch\/fr\/wp-json\/wp\/v2\/product\/728333"}],"collection":[{"href":"https:\/\/shop.kustom.ch\/fr\/wp-json\/wp\/v2\/product"}],"about":[{"href":"https:\/\/shop.kustom.ch\/fr\/wp-json\/wp\/v2\/types\/product"}],"wp:featuredmedia":[{"embeddable":true,"href":"https:\/\/shop.kustom.ch\/fr\/wp-json\/wp\/v2\/media\/728389"}],"wp:attachment":[{"href":"https:\/\/shop.kustom.ch\/fr\/wp-json\/wp\/v2\/media?parent=728333"}],"wp:term":[{"taxonomy":"product_brand","embeddable":true,"href":"https:\/\/shop.kustom.ch\/fr\/wp-json\/wp\/v2\/product_brand?post=728333"},{"taxonomy":"product_cat","embeddable":true,"href":"https:\/\/shop.kustom.ch\/fr\/wp-json\/wp\/v2\/product_cat?post=728333"},{"taxonomy":"product_tag","embeddable":true,"href":"https:\/\/shop.kustom.ch\/fr\/wp-json\/wp\/v2\/product_tag?post=728333"}],"curies":[{"name":"wp","href":"https:\/\/api.w.org\/{rel}","templated":true}]}}