{"id":728308,"date":"2026-04-01T19:45:52","date_gmt":"2026-04-01T18:45:52","guid":{"rendered":"https:\/\/shop.kustom.ch\/?post_type=product&#038;p=728308"},"modified":"2026-04-01T19:47:17","modified_gmt":"2026-04-01T18:47:17","slug":"merlin-kinder-hose","status":"publish","type":"product","link":"https:\/\/shop.kustom.ch\/fr\/produit\/merlin-kinder-hose\/","title":{"rendered":"Pantalon Merlin pour enfants"},"content":{"rendered":"<p>Pantalon Merlin. Les sous-v\u00eatements en laine m\u00e9rinos 100 % sont destin\u00e9s \u00e0 tous ceux qui aiment avoir chaud. Il convient parfaitement comme premi\u00e8re couche pour toute aventure en pleine nature pendant la saison froide. Le poids est de 200gr.<\/p>","protected":false},"excerpt":{"rendered":"<p>Pantalon Merlin. Les sous-v\u00eatements en laine m\u00e9rinos 100 % sont destin\u00e9s \u00e0 tous ceux qui aiment avoir chaud. Il convient parfaitement comme premi\u00e8re couche pour toute aventure en pleine nature pendant la saison froide. Le poids est de 200gr.<\/p>","protected":false},"featured_media":728364,"template":"","meta":[],"product_brand":[],"product_cat":[4206],"product_tag":[],"class_list":{"0":"post-728308","1":"product","2":"type-product","3":"status-publish","4":"has-post-thumbnail","6":"product_cat-underwear","7":"pa_brand-rukka","8":"pa_brand-type-workwear","9":"pa_filter-color-blau","10":"pa_filter-color-grau","12":"first","13":"instock","14":"taxable","15":"shipping-taxable","16":"purchasable","17":"product-type-variable","18":"add-to-wishlist-before_image"},"exclude_global_add_ons":[],"addons":[],"acf":[],"_links":{"self":[{"href":"https:\/\/shop.kustom.ch\/fr\/wp-json\/wp\/v2\/product\/728308"}],"collection":[{"href":"https:\/\/shop.kustom.ch\/fr\/wp-json\/wp\/v2\/product"}],"about":[{"href":"https:\/\/shop.kustom.ch\/fr\/wp-json\/wp\/v2\/types\/product"}],"wp:featuredmedia":[{"embeddable":true,"href":"https:\/\/shop.kustom.ch\/fr\/wp-json\/wp\/v2\/media\/728364"}],"wp:attachment":[{"href":"https:\/\/shop.kustom.ch\/fr\/wp-json\/wp\/v2\/media?parent=728308"}],"wp:term":[{"taxonomy":"product_brand","embeddable":true,"href":"https:\/\/shop.kustom.ch\/fr\/wp-json\/wp\/v2\/product_brand?post=728308"},{"taxonomy":"product_cat","embeddable":true,"href":"https:\/\/shop.kustom.ch\/fr\/wp-json\/wp\/v2\/product_cat?post=728308"},{"taxonomy":"product_tag","embeddable":true,"href":"https:\/\/shop.kustom.ch\/fr\/wp-json\/wp\/v2\/product_tag?post=728308"}],"curies":[{"name":"wp","href":"https:\/\/api.w.org\/{rel}","templated":true}]}}