{"id":728283,"date":"2026-04-01T19:45:25","date_gmt":"2026-04-01T18:45:25","guid":{"rendered":"https:\/\/shop.kustom.ch\/?post_type=product&#038;p=728283"},"modified":"2026-04-01T19:46:49","modified_gmt":"2026-04-01T18:46:49","slug":"merlin-kinder-langarm-shirt","status":"publish","type":"product","link":"https:\/\/shop.kustom.ch\/fr\/produit\/merlin-kinder-langarm-shirt\/","title":{"rendered":"Merlin chemise \u00e0 manches longues pour enfants"},"content":{"rendered":"<p>T-shirt Merlin. Ce v\u00eatement en laine m\u00e9rinos 100 % est destin\u00e9 \u00e0 tous ceux qui aiment avoir chaud. Il convient parfaitement comme premi\u00e8re couche pour toutes les aventures en pleine nature pendant la saison froide. Le poids est de 200gr.<\/p>","protected":false},"excerpt":{"rendered":"<p>T-shirt Merlin. Ce v\u00eatement en laine m\u00e9rinos 100 % est destin\u00e9 \u00e0 tous ceux qui aiment avoir chaud. Il convient parfaitement comme premi\u00e8re couche pour toutes les aventures en pleine nature pendant la saison froide. Le poids est de 200gr.<\/p>","protected":false},"featured_media":728340,"template":"","meta":[],"product_brand":[],"product_cat":[4201],"product_tag":[],"class_list":{"0":"post-728283","1":"product","2":"type-product","3":"status-publish","4":"has-post-thumbnail","6":"product_cat-t-shirts","7":"pa_brand-rukka","8":"pa_brand-type-workwear","9":"pa_filter-color-blau","10":"pa_filter-color-grau","12":"first","13":"instock","14":"taxable","15":"shipping-taxable","16":"purchasable","17":"product-type-variable","18":"add-to-wishlist-before_image"},"exclude_global_add_ons":[],"addons":[],"acf":[],"_links":{"self":[{"href":"https:\/\/shop.kustom.ch\/fr\/wp-json\/wp\/v2\/product\/728283"}],"collection":[{"href":"https:\/\/shop.kustom.ch\/fr\/wp-json\/wp\/v2\/product"}],"about":[{"href":"https:\/\/shop.kustom.ch\/fr\/wp-json\/wp\/v2\/types\/product"}],"wp:featuredmedia":[{"embeddable":true,"href":"https:\/\/shop.kustom.ch\/fr\/wp-json\/wp\/v2\/media\/728340"}],"wp:attachment":[{"href":"https:\/\/shop.kustom.ch\/fr\/wp-json\/wp\/v2\/media?parent=728283"}],"wp:term":[{"taxonomy":"product_brand","embeddable":true,"href":"https:\/\/shop.kustom.ch\/fr\/wp-json\/wp\/v2\/product_brand?post=728283"},{"taxonomy":"product_cat","embeddable":true,"href":"https:\/\/shop.kustom.ch\/fr\/wp-json\/wp\/v2\/product_cat?post=728283"},{"taxonomy":"product_tag","embeddable":true,"href":"https:\/\/shop.kustom.ch\/fr\/wp-json\/wp\/v2\/product_tag?post=728283"}],"curies":[{"name":"wp","href":"https:\/\/api.w.org\/{rel}","templated":true}]}}