{"id":728182,"date":"2026-04-01T19:43:30","date_gmt":"2026-04-01T18:43:30","guid":{"rendered":"https:\/\/shop.kustom.ch\/?post_type=product&#038;p=728182"},"modified":"2026-04-01T19:44:52","modified_gmt":"2026-04-01T18:44:52","slug":"sheldon-3-lagen-regenjacke","status":"publish","type":"product","link":"https:\/\/shop.kustom.ch\/fr\/produit\/sheldon-3-lagen-regenjacke\/","title":{"rendered":"Veste de pluie Sheldon 3 couches"},"content":{"rendered":"<p>Sheldon. La veste de pluie l\u00e9g\u00e8re pour hommes avec un mat\u00e9riau \u00e0 3 couches et une colonne d'eau de 20\u2019000 mm. R\u00e9sistante aux intemp\u00e9ries, respirante et avec un look sobre et moderne - fonctionnelle sans compromis.<\/p>","protected":false},"excerpt":{"rendered":"<p>Sheldon. La veste de pluie l\u00e9g\u00e8re pour hommes avec un mat\u00e9riau \u00e0 3 couches et une colonne d'eau de 20\u2019000 mm. R\u00e9sistante aux intemp\u00e9ries, respirante et avec un look sobre et moderne - fonctionnelle sans compromis.<\/p>","protected":false},"featured_media":728240,"template":"","meta":[],"product_brand":[],"product_cat":[4186],"product_tag":[],"class_list":{"0":"post-728182","1":"product","2":"type-product","3":"status-publish","4":"has-post-thumbnail","6":"product_cat-jacken","7":"pa_brand-rukka","8":"pa_brand-type-workwear","9":"pa_filter-color-blau","10":"pa_filter-color-gruen","12":"first","13":"instock","14":"taxable","15":"shipping-taxable","16":"purchasable","17":"product-type-variable","18":"add-to-wishlist-before_image"},"exclude_global_add_ons":[],"addons":[],"acf":[],"_links":{"self":[{"href":"https:\/\/shop.kustom.ch\/fr\/wp-json\/wp\/v2\/product\/728182"}],"collection":[{"href":"https:\/\/shop.kustom.ch\/fr\/wp-json\/wp\/v2\/product"}],"about":[{"href":"https:\/\/shop.kustom.ch\/fr\/wp-json\/wp\/v2\/types\/product"}],"wp:featuredmedia":[{"embeddable":true,"href":"https:\/\/shop.kustom.ch\/fr\/wp-json\/wp\/v2\/media\/728240"}],"wp:attachment":[{"href":"https:\/\/shop.kustom.ch\/fr\/wp-json\/wp\/v2\/media?parent=728182"}],"wp:term":[{"taxonomy":"product_brand","embeddable":true,"href":"https:\/\/shop.kustom.ch\/fr\/wp-json\/wp\/v2\/product_brand?post=728182"},{"taxonomy":"product_cat","embeddable":true,"href":"https:\/\/shop.kustom.ch\/fr\/wp-json\/wp\/v2\/product_cat?post=728182"},{"taxonomy":"product_tag","embeddable":true,"href":"https:\/\/shop.kustom.ch\/fr\/wp-json\/wp\/v2\/product_tag?post=728182"}],"curies":[{"name":"wp","href":"https:\/\/api.w.org\/{rel}","templated":true}]}}