{"id":728160,"date":"2026-04-01T19:42:59","date_gmt":"2026-04-01T18:42:59","guid":{"rendered":"https:\/\/shop.kustom.ch\/?post_type=product&#038;p=728160"},"modified":"2026-04-01T19:44:49","modified_gmt":"2026-04-01T18:44:49","slug":"avon-merino-herren-t-shirt","status":"publish","type":"product","link":"https:\/\/shop.kustom.ch\/fr\/produit\/avon-merino-herren-t-shirt\/","title":{"rendered":"T-shirt Avon Merino pour hommes"},"content":{"rendered":"<p>Avon . Un t-shirt en m\u00e9rinos simple pour hommes avec une \u00e9vacuation naturelle de l'humidit\u00e9. Agr\u00e9ablement chaud, respirant et id\u00e9al pour le quotidien et l'exercice.<\/p>","protected":false},"excerpt":{"rendered":"<p>Avon . Un t-shirt en m\u00e9rinos simple pour hommes avec une \u00e9vacuation naturelle de l'humidit\u00e9. Agr\u00e9ablement chaud, respirant et id\u00e9al pour le quotidien et l'exercice.<\/p>","protected":false},"featured_media":728223,"template":"","meta":[],"product_brand":[],"product_cat":[4201],"product_tag":[],"class_list":{"0":"post-728160","1":"product","2":"type-product","3":"status-publish","4":"has-post-thumbnail","6":"product_cat-t-shirts","7":"pa_brand-rukka","8":"pa_brand-type-workwear","9":"pa_filter-color-gelb","10":"pa_filter-color-schwarz","12":"first","13":"instock","14":"taxable","15":"shipping-taxable","16":"purchasable","17":"product-type-variable","18":"add-to-wishlist-before_image"},"exclude_global_add_ons":[],"addons":[],"acf":[],"_links":{"self":[{"href":"https:\/\/shop.kustom.ch\/fr\/wp-json\/wp\/v2\/product\/728160"}],"collection":[{"href":"https:\/\/shop.kustom.ch\/fr\/wp-json\/wp\/v2\/product"}],"about":[{"href":"https:\/\/shop.kustom.ch\/fr\/wp-json\/wp\/v2\/types\/product"}],"wp:featuredmedia":[{"embeddable":true,"href":"https:\/\/shop.kustom.ch\/fr\/wp-json\/wp\/v2\/media\/728223"}],"wp:attachment":[{"href":"https:\/\/shop.kustom.ch\/fr\/wp-json\/wp\/v2\/media?parent=728160"}],"wp:term":[{"taxonomy":"product_brand","embeddable":true,"href":"https:\/\/shop.kustom.ch\/fr\/wp-json\/wp\/v2\/product_brand?post=728160"},{"taxonomy":"product_cat","embeddable":true,"href":"https:\/\/shop.kustom.ch\/fr\/wp-json\/wp\/v2\/product_cat?post=728160"},{"taxonomy":"product_tag","embeddable":true,"href":"https:\/\/shop.kustom.ch\/fr\/wp-json\/wp\/v2\/product_tag?post=728160"}],"curies":[{"name":"wp","href":"https:\/\/api.w.org\/{rel}","templated":true}]}}