{"id":728131,"date":"2026-04-01T19:42:00","date_gmt":"2026-04-01T18:42:00","guid":{"rendered":"https:\/\/shop.kustom.ch\/?post_type=product&#038;p=728131"},"modified":"2026-04-01T19:44:19","modified_gmt":"2026-04-01T18:44:19","slug":"hood-pac-jac-herren-jacke","status":"publish","type":"product","link":"https:\/\/shop.kustom.ch\/fr\/produit\/hood-pac-jac-herren-jacke\/","title":{"rendered":"Veste Hood Pac Jac pour hommes"},"content":{"rendered":"<p>Hood Pac Jac. Cette veste matelass\u00e9e l\u00e9g\u00e8re avec capuche fixe est le compagnon id\u00e9al pour la mi-saison. Elle offre de bonnes valeurs d'isolation et se range de mani\u00e8re peu encombrante dans un petit sac - id\u00e9al pour les d\u00e9placements ou dans le sac \u00e0 dos.<\/p>","protected":false},"excerpt":{"rendered":"<p>Hood Pac Jac. Cette veste matelass\u00e9e l\u00e9g\u00e8re avec capuche fixe est le compagnon id\u00e9al pour la mi-saison. Elle offre de bonnes valeurs d'isolation et se range de mani\u00e8re peu encombrante dans un petit sac - id\u00e9al pour les d\u00e9placements ou dans le sac \u00e0 dos.<\/p>","protected":false},"featured_media":728189,"template":"","meta":[],"product_brand":[],"product_cat":[4186],"product_tag":[],"class_list":{"0":"post-728131","1":"product","2":"type-product","3":"status-publish","4":"has-post-thumbnail","6":"product_cat-jacken","7":"pa_brand-rukka","8":"pa_brand-type-workwear","9":"pa_filter-color-blau","10":"pa_filter-color-gruen","11":"pa_filter-color-rot","12":"pa_filter-color-schwarz","14":"first","15":"instock","16":"taxable","17":"shipping-taxable","18":"purchasable","19":"product-type-variable","20":"add-to-wishlist-before_image"},"exclude_global_add_ons":[],"addons":[],"acf":[],"_links":{"self":[{"href":"https:\/\/shop.kustom.ch\/fr\/wp-json\/wp\/v2\/product\/728131"}],"collection":[{"href":"https:\/\/shop.kustom.ch\/fr\/wp-json\/wp\/v2\/product"}],"about":[{"href":"https:\/\/shop.kustom.ch\/fr\/wp-json\/wp\/v2\/types\/product"}],"wp:featuredmedia":[{"embeddable":true,"href":"https:\/\/shop.kustom.ch\/fr\/wp-json\/wp\/v2\/media\/728189"}],"wp:attachment":[{"href":"https:\/\/shop.kustom.ch\/fr\/wp-json\/wp\/v2\/media?parent=728131"}],"wp:term":[{"taxonomy":"product_brand","embeddable":true,"href":"https:\/\/shop.kustom.ch\/fr\/wp-json\/wp\/v2\/product_brand?post=728131"},{"taxonomy":"product_cat","embeddable":true,"href":"https:\/\/shop.kustom.ch\/fr\/wp-json\/wp\/v2\/product_cat?post=728131"},{"taxonomy":"product_tag","embeddable":true,"href":"https:\/\/shop.kustom.ch\/fr\/wp-json\/wp\/v2\/product_tag?post=728131"}],"curies":[{"name":"wp","href":"https:\/\/api.w.org\/{rel}","templated":true}]}}