{"id":728107,"date":"2026-04-01T19:41:22","date_gmt":"2026-04-01T18:41:22","guid":{"rendered":"https:\/\/shop.kustom.ch\/?post_type=product&#038;p=728107"},"modified":"2026-04-01T19:43:51","modified_gmt":"2026-04-01T18:43:51","slug":"pac-puffer-herren-thermo-jacke","status":"publish","type":"product","link":"https:\/\/shop.kustom.ch\/fr\/produit\/pac-puffer-herren-thermo-jacke\/","title":{"rendered":"Pac Puffer Veste thermique pour hommes"},"content":{"rendered":"<p>La veste Pac Puffer. Cette veste matelass\u00e9e sportive avec un rembourrage No-Down de 180 g\/m\u00b2 convainc par sa coupe moderne. Que ce soit en ville, sur les pistes ou \u00e0 l'apr\u00e8s-ski, elle est polyvalente et toujours un compagnon styl\u00e9.<\/p>","protected":false},"excerpt":{"rendered":"<p>La veste Pac Puffer. Cette veste matelass\u00e9e sportive avec un rembourrage No-Down de 180 g\/m\u00b2 convainc par sa coupe moderne. Que ce soit en ville, sur les pistes ou \u00e0 l'apr\u00e8s-ski, elle est polyvalente et toujours un compagnon styl\u00e9.<\/p>","protected":false},"featured_media":728164,"template":"","meta":[],"product_brand":[],"product_cat":[4186],"product_tag":[],"class_list":{"0":"post-728107","1":"product","2":"type-product","3":"status-publish","4":"has-post-thumbnail","6":"product_cat-jacken","7":"pa_brand-rukka","8":"pa_brand-type-workwear","9":"pa_filter-color-gruen","10":"pa_filter-color-rot","11":"pa_filter-color-schwarz","13":"first","14":"instock","15":"taxable","16":"shipping-taxable","17":"purchasable","18":"product-type-variable","19":"add-to-wishlist-before_image"},"exclude_global_add_ons":[],"addons":[],"acf":[],"_links":{"self":[{"href":"https:\/\/shop.kustom.ch\/fr\/wp-json\/wp\/v2\/product\/728107"}],"collection":[{"href":"https:\/\/shop.kustom.ch\/fr\/wp-json\/wp\/v2\/product"}],"about":[{"href":"https:\/\/shop.kustom.ch\/fr\/wp-json\/wp\/v2\/types\/product"}],"wp:featuredmedia":[{"embeddable":true,"href":"https:\/\/shop.kustom.ch\/fr\/wp-json\/wp\/v2\/media\/728164"}],"wp:attachment":[{"href":"https:\/\/shop.kustom.ch\/fr\/wp-json\/wp\/v2\/media?parent=728107"}],"wp:term":[{"taxonomy":"product_brand","embeddable":true,"href":"https:\/\/shop.kustom.ch\/fr\/wp-json\/wp\/v2\/product_brand?post=728107"},{"taxonomy":"product_cat","embeddable":true,"href":"https:\/\/shop.kustom.ch\/fr\/wp-json\/wp\/v2\/product_cat?post=728107"},{"taxonomy":"product_tag","embeddable":true,"href":"https:\/\/shop.kustom.ch\/fr\/wp-json\/wp\/v2\/product_tag?post=728107"}],"curies":[{"name":"wp","href":"https:\/\/api.w.org\/{rel}","templated":true}]}}