{"id":728106,"date":"2026-04-01T19:41:22","date_gmt":"2026-04-01T18:41:22","guid":{"rendered":"https:\/\/shop.kustom.ch\/?post_type=product&#038;p=728106"},"modified":"2026-04-01T19:43:23","modified_gmt":"2026-04-01T18:43:23","slug":"olaf-seamless-hose","status":"publish","type":"product","link":"https:\/\/shop.kustom.ch\/fr\/produit\/olaf-seamless-hose\/","title":{"rendered":"Olaf Pantalon sans couture"},"content":{"rendered":"<p>Pantalon Olaf Seamless. Gr\u00e2ce \u00e0 DRYARN\u00ae, ce sous-v\u00eatement sans couture est particuli\u00e8rement agr\u00e9able \u00e0 porter. Cette microfibre performante en polypropyl\u00e8ne a \u00e9t\u00e9 sp\u00e9cialement d\u00e9velopp\u00e9e pour le sport et offre un excellent transfert d'humidit\u00e9 ainsi qu'une grande respirabilit\u00e9. Elle reste pr\u00e8s du corps et se sent comme une seconde peau. L'absence de polyester \u00e9vite les odeurs d\u00e9sagr\u00e9ables, m\u00eame en cas de port prolong\u00e9.<\/p>","protected":false},"excerpt":{"rendered":"<p>Pantalon Olaf Seamless. Gr\u00e2ce \u00e0 DRYARN\u00ae, ce sous-v\u00eatement sans couture est particuli\u00e8rement agr\u00e9able \u00e0 porter. Cette microfibre performante en polypropyl\u00e8ne a \u00e9t\u00e9 sp\u00e9cialement d\u00e9velopp\u00e9e pour le sport et offre un excellent transfert d'humidit\u00e9 ainsi qu'une grande respirabilit\u00e9. Elle reste pr\u00e8s du corps et se sent comme une seconde peau. L'absence de polyester \u00e9vite les odeurs d\u00e9sagr\u00e9ables, m\u00eame en cas de port prolong\u00e9.<\/p>","protected":false},"featured_media":728159,"template":"","meta":[],"product_brand":[],"product_cat":[4185],"product_tag":[],"class_list":{"0":"post-728106","1":"product","2":"type-product","3":"status-publish","4":"has-post-thumbnail","6":"product_cat-hosen","7":"pa_brand-rukka","8":"pa_brand-type-workwear","9":"pa_filter-color-schwarz","11":"first","12":"instock","13":"taxable","14":"shipping-taxable","15":"purchasable","16":"product-type-variable","17":"add-to-wishlist-before_image"},"exclude_global_add_ons":[],"addons":[],"acf":[],"_links":{"self":[{"href":"https:\/\/shop.kustom.ch\/fr\/wp-json\/wp\/v2\/product\/728106"}],"collection":[{"href":"https:\/\/shop.kustom.ch\/fr\/wp-json\/wp\/v2\/product"}],"about":[{"href":"https:\/\/shop.kustom.ch\/fr\/wp-json\/wp\/v2\/types\/product"}],"wp:featuredmedia":[{"embeddable":true,"href":"https:\/\/shop.kustom.ch\/fr\/wp-json\/wp\/v2\/media\/728159"}],"wp:attachment":[{"href":"https:\/\/shop.kustom.ch\/fr\/wp-json\/wp\/v2\/media?parent=728106"}],"wp:term":[{"taxonomy":"product_brand","embeddable":true,"href":"https:\/\/shop.kustom.ch\/fr\/wp-json\/wp\/v2\/product_brand?post=728106"},{"taxonomy":"product_cat","embeddable":true,"href":"https:\/\/shop.kustom.ch\/fr\/wp-json\/wp\/v2\/product_cat?post=728106"},{"taxonomy":"product_tag","embeddable":true,"href":"https:\/\/shop.kustom.ch\/fr\/wp-json\/wp\/v2\/product_tag?post=728106"}],"curies":[{"name":"wp","href":"https:\/\/api.w.org\/{rel}","templated":true}]}}