{"id":728081,"date":"2026-04-01T19:40:57","date_gmt":"2026-04-01T18:40:57","guid":{"rendered":"https:\/\/shop.kustom.ch\/?post_type=product&#038;p=728081"},"modified":"2026-04-01T19:42:52","modified_gmt":"2026-04-01T18:42:52","slug":"vital-herren-hose","status":"publish","type":"product","link":"https:\/\/shop.kustom.ch\/fr\/produit\/vital-herren-hose\/","title":{"rendered":"Pantalon Vital pour hommes"},"content":{"rendered":"<p>Pantalon Vital pour hommes. Ce pantalon maintient la temp\u00e9rature corporelle dans la plage id\u00e9ale, m\u00eame en cas de fortes variations et d'activit\u00e9 changeante - ni trop chaud, ni trop froid. Il convainc par une r\u00e9gulation efficace de l'humidit\u00e9 et un toucher agr\u00e9able pour un grand confort. La qualit\u00e9 sup\u00e9rieure convient aussi bien pour les journ\u00e9es actives que pour le quotidien. La solidit\u00e9 des couleurs et la stabilit\u00e9 de la forme assurent une coupe et une durabilit\u00e9 \u00e0 long terme.<\/p>","protected":false},"excerpt":{"rendered":"<p>Vital&nbsp;Herren Hose. Diese Hose h&auml;lt die K&ouml;rpertemperatur auch bei starken Schwankungen und wechselnder Aktivit&auml;t im idealen Bereich &#x2013; nicht zu warm, nicht zu kalt. Sie &#xFC;berzeugt durch effektive Feuchtigkeitsregulierung und einen angenehmen Griff f&#xFC;r hohen Tragekomfort. Die hochwertige Qualit&auml;t eignet sich sowohl f&#xFC;r aktive Tage als auch f&#xFC;r den Alltag. Farbechtheit und Formbest&auml;ndigkeit sorgen f&#xFC;r [&hellip;]<\/p>\n","protected":false},"featured_media":728147,"template":"","meta":[],"product_brand":[],"product_cat":[4185],"product_tag":[],"class_list":{"0":"post-728081","1":"product","2":"type-product","3":"status-publish","4":"has-post-thumbnail","6":"product_cat-hosen","7":"pa_brand-rukka","8":"pa_brand-type-workwear","9":"pa_filter-color-schwarz","11":"first","12":"instock","13":"taxable","14":"shipping-taxable","15":"purchasable","16":"product-type-variable","17":"add-to-wishlist-before_image"},"exclude_global_add_ons":[],"addons":[],"acf":[],"_links":{"self":[{"href":"https:\/\/shop.kustom.ch\/fr\/wp-json\/wp\/v2\/product\/728081"}],"collection":[{"href":"https:\/\/shop.kustom.ch\/fr\/wp-json\/wp\/v2\/product"}],"about":[{"href":"https:\/\/shop.kustom.ch\/fr\/wp-json\/wp\/v2\/types\/product"}],"wp:featuredmedia":[{"embeddable":true,"href":"https:\/\/shop.kustom.ch\/fr\/wp-json\/wp\/v2\/media\/728147"}],"wp:attachment":[{"href":"https:\/\/shop.kustom.ch\/fr\/wp-json\/wp\/v2\/media?parent=728081"}],"wp:term":[{"taxonomy":"product_brand","embeddable":true,"href":"https:\/\/shop.kustom.ch\/fr\/wp-json\/wp\/v2\/product_brand?post=728081"},{"taxonomy":"product_cat","embeddable":true,"href":"https:\/\/shop.kustom.ch\/fr\/wp-json\/wp\/v2\/product_cat?post=728081"},{"taxonomy":"product_tag","embeddable":true,"href":"https:\/\/shop.kustom.ch\/fr\/wp-json\/wp\/v2\/product_tag?post=728081"}],"curies":[{"name":"wp","href":"https:\/\/api.w.org\/{rel}","templated":true}]}}