{"id":728080,"date":"2026-04-01T19:40:57","date_gmt":"2026-04-01T18:40:57","guid":{"rendered":"https:\/\/shop.kustom.ch\/?post_type=product&#038;p=728080"},"modified":"2026-04-01T19:42:23","modified_gmt":"2026-04-01T18:42:23","slug":"vital-herren-langarm-shirt","status":"publish","type":"product","link":"https:\/\/shop.kustom.ch\/fr\/produit\/vital-herren-langarm-shirt\/","title":{"rendered":"Vital Hommes Chemise \u00e0 manches longues"},"content":{"rendered":"<p>T-shirt Vital pour hommes. Ce t-shirt maintient toujours la temp\u00e9rature du corps dans la zone de confort, m\u00eame en cas de fortes variations et d'activit\u00e9 changeante - ni trop chaud, ni trop froid. Une r\u00e9gulation efficace de l'humidit\u00e9 et un toucher agr\u00e9able assurent un grand confort. La qualit\u00e9 convainc non seulement les jours d'activit\u00e9, mais aussi au quotidien. La solidit\u00e9 des couleurs et la stabilit\u00e9 de la forme garantissent une longue dur\u00e9e de vie.<\/p>","protected":false},"excerpt":{"rendered":"<p>T-shirt Vital pour hommes. Ce t-shirt maintient toujours la temp\u00e9rature du corps dans la zone de confort, m\u00eame en cas de fortes variations et d'activit\u00e9 changeante - ni trop chaud, ni trop froid. Une r\u00e9gulation efficace de l'humidit\u00e9 et un toucher agr\u00e9able assurent un grand confort. La qualit\u00e9 convainc non seulement les jours d'activit\u00e9, mais aussi au quotidien. La solidit\u00e9 des couleurs et la stabilit\u00e9 de la forme garantissent une longue dur\u00e9e de vie.<\/p>","protected":false},"featured_media":728130,"template":"","meta":[],"product_brand":[],"product_cat":[4201],"product_tag":[],"class_list":{"0":"post-728080","1":"product","2":"type-product","3":"status-publish","4":"has-post-thumbnail","6":"product_cat-t-shirts","7":"pa_brand-rukka","8":"pa_brand-type-workwear","9":"pa_filter-color-schwarz","10":"pa_filter-color-weiss","12":"first","13":"instock","14":"taxable","15":"shipping-taxable","16":"purchasable","17":"product-type-variable","18":"add-to-wishlist-before_image"},"exclude_global_add_ons":[],"addons":[],"acf":[],"_links":{"self":[{"href":"https:\/\/shop.kustom.ch\/fr\/wp-json\/wp\/v2\/product\/728080"}],"collection":[{"href":"https:\/\/shop.kustom.ch\/fr\/wp-json\/wp\/v2\/product"}],"about":[{"href":"https:\/\/shop.kustom.ch\/fr\/wp-json\/wp\/v2\/types\/product"}],"wp:featuredmedia":[{"embeddable":true,"href":"https:\/\/shop.kustom.ch\/fr\/wp-json\/wp\/v2\/media\/728130"}],"wp:attachment":[{"href":"https:\/\/shop.kustom.ch\/fr\/wp-json\/wp\/v2\/media?parent=728080"}],"wp:term":[{"taxonomy":"product_brand","embeddable":true,"href":"https:\/\/shop.kustom.ch\/fr\/wp-json\/wp\/v2\/product_brand?post=728080"},{"taxonomy":"product_cat","embeddable":true,"href":"https:\/\/shop.kustom.ch\/fr\/wp-json\/wp\/v2\/product_cat?post=728080"},{"taxonomy":"product_tag","embeddable":true,"href":"https:\/\/shop.kustom.ch\/fr\/wp-json\/wp\/v2\/product_tag?post=728080"}],"curies":[{"name":"wp","href":"https:\/\/api.w.org\/{rel}","templated":true}]}}