{"id":728054,"date":"2026-04-01T19:40:26","date_gmt":"2026-04-01T18:40:26","guid":{"rendered":"https:\/\/shop.kustom.ch\/?post_type=product&#038;p=728054"},"modified":"2026-04-01T19:41:50","modified_gmt":"2026-04-01T18:41:50","slug":"vital-herren-kurzarm-shirt","status":"publish","type":"product","link":"https:\/\/shop.kustom.ch\/fr\/produit\/vital-herren-kurzarm-shirt\/","title":{"rendered":"Vital Hommes T-shirt \u00e0 manches courtes"},"content":{"rendered":"<p>T-shirt Vital pour hommes. Ce t-shirt r\u00e9gule la temp\u00e9rature du corps de mani\u00e8re optimale - ni trop chaud ni trop froid - m\u00eame en cas de fortes variations de temp\u00e9rature et d'activit\u00e9 changeante. Sa bonne r\u00e9gulation de l'humidit\u00e9 et son toucher doux assurent un grand confort. La qualit\u00e9 sup\u00e9rieure convient non seulement aux journ\u00e9es actives, mais aussi parfaitement \u00e0 la vie quotidienne. La solidit\u00e9 des couleurs et la stabilit\u00e9 de la forme garantissent une longue dur\u00e9e de vie.<\/p>","protected":false},"excerpt":{"rendered":"<p>Vital&nbsp;Herren T-Shirt. Dieses T-Shirt reguliert die K&ouml;rpertemperatur optimal &#x2013; weder zu warm noch zu kalt &#x2013; selbst bei starken Temperaturschwankungen und wechselnder Aktivit&auml;t. Seine gute Feuchtigkeitsregulierung und der weiche Griff sorgen f&#xFC;r hohen Tragekomfort. Die hochwertige Qualit&auml;t eignet sich nicht nur f&#xFC;r aktive Tage, sondern auch perfekt f&#xFC;r den Alltag. Farbechtheit und Formbest&auml;ndigkeit garantieren eine [&hellip;]<\/p>\n","protected":false},"featured_media":728114,"template":"","meta":[],"product_brand":[],"product_cat":[4201],"product_tag":[],"class_list":{"0":"post-728054","1":"product","2":"type-product","3":"status-publish","4":"has-post-thumbnail","6":"product_cat-t-shirts","7":"pa_brand-rukka","8":"pa_brand-type-workwear","9":"pa_filter-color-schwarz","10":"pa_filter-color-weiss","12":"first","13":"instock","14":"taxable","15":"shipping-taxable","16":"purchasable","17":"product-type-variable","18":"add-to-wishlist-before_image"},"exclude_global_add_ons":[],"addons":[],"acf":[],"_links":{"self":[{"href":"https:\/\/shop.kustom.ch\/fr\/wp-json\/wp\/v2\/product\/728054"}],"collection":[{"href":"https:\/\/shop.kustom.ch\/fr\/wp-json\/wp\/v2\/product"}],"about":[{"href":"https:\/\/shop.kustom.ch\/fr\/wp-json\/wp\/v2\/types\/product"}],"wp:featuredmedia":[{"embeddable":true,"href":"https:\/\/shop.kustom.ch\/fr\/wp-json\/wp\/v2\/media\/728114"}],"wp:attachment":[{"href":"https:\/\/shop.kustom.ch\/fr\/wp-json\/wp\/v2\/media?parent=728054"}],"wp:term":[{"taxonomy":"product_brand","embeddable":true,"href":"https:\/\/shop.kustom.ch\/fr\/wp-json\/wp\/v2\/product_brand?post=728054"},{"taxonomy":"product_cat","embeddable":true,"href":"https:\/\/shop.kustom.ch\/fr\/wp-json\/wp\/v2\/product_cat?post=728054"},{"taxonomy":"product_tag","embeddable":true,"href":"https:\/\/shop.kustom.ch\/fr\/wp-json\/wp\/v2\/product_tag?post=728054"}],"curies":[{"name":"wp","href":"https:\/\/api.w.org\/{rel}","templated":true}]}}