{"id":728053,"date":"2026-04-01T19:40:26","date_gmt":"2026-04-01T18:40:26","guid":{"rendered":"https:\/\/shop.kustom.ch\/?post_type=product&#038;p=728053"},"modified":"2026-04-01T19:41:48","modified_gmt":"2026-04-01T18:41:48","slug":"stay-warm-pants","status":"publish","type":"product","link":"https:\/\/shop.kustom.ch\/fr\/produit\/stay-warm-pants\/","title":{"rendered":"Stay warm pants"},"content":{"rendered":"<p>Pantalon Stay Warm. Ce pantalon matelass\u00e9 revisit\u00e9 avec un rembourrage en polydown de 120 g\/m\u00b2, des surpiq\u00fbres longitudinales et deux poches \u00e0 rabat pratiques offre une chaleur et un confort agr\u00e9ables. Il est id\u00e9al comme couche chaude sous un pantalon 3 couches ou en solo comme pantalon d'hiver isolant - parfait pour les heures de d\u00e9tente sur la terrasse du refuge.<\/p>","protected":false},"excerpt":{"rendered":"<p>Pantalon Stay Warm. Ce pantalon matelass\u00e9 revisit\u00e9 avec un rembourrage en polydown de 120 g\/m\u00b2, des surpiq\u00fbres longitudinales et deux poches \u00e0 rabat pratiques offre une chaleur et un confort agr\u00e9ables. Il est id\u00e9al comme couche chaude sous un pantalon 3 couches ou en solo comme pantalon d'hiver isolant - parfait pour les heures de d\u00e9tente sur la terrasse du refuge.<\/p>","protected":false},"featured_media":728104,"template":"","meta":[],"product_brand":[],"product_cat":[4185],"product_tag":[],"class_list":{"0":"post-728053","1":"product","2":"type-product","3":"status-publish","4":"has-post-thumbnail","6":"product_cat-hosen","7":"pa_brand-rukka","8":"pa_brand-type-workwear","9":"pa_filter-color-schwarz","11":"first","12":"instock","13":"taxable","14":"shipping-taxable","15":"purchasable","16":"product-type-variable","17":"add-to-wishlist-before_image"},"exclude_global_add_ons":[],"addons":[],"acf":[],"_links":{"self":[{"href":"https:\/\/shop.kustom.ch\/fr\/wp-json\/wp\/v2\/product\/728053"}],"collection":[{"href":"https:\/\/shop.kustom.ch\/fr\/wp-json\/wp\/v2\/product"}],"about":[{"href":"https:\/\/shop.kustom.ch\/fr\/wp-json\/wp\/v2\/types\/product"}],"wp:featuredmedia":[{"embeddable":true,"href":"https:\/\/shop.kustom.ch\/fr\/wp-json\/wp\/v2\/media\/728104"}],"wp:attachment":[{"href":"https:\/\/shop.kustom.ch\/fr\/wp-json\/wp\/v2\/media?parent=728053"}],"wp:term":[{"taxonomy":"product_brand","embeddable":true,"href":"https:\/\/shop.kustom.ch\/fr\/wp-json\/wp\/v2\/product_brand?post=728053"},{"taxonomy":"product_cat","embeddable":true,"href":"https:\/\/shop.kustom.ch\/fr\/wp-json\/wp\/v2\/product_cat?post=728053"},{"taxonomy":"product_tag","embeddable":true,"href":"https:\/\/shop.kustom.ch\/fr\/wp-json\/wp\/v2\/product_tag?post=728053"}],"curies":[{"name":"wp","href":"https:\/\/api.w.org\/{rel}","templated":true}]}}