{"id":727950,"date":"2026-04-01T19:38:34","date_gmt":"2026-04-01T18:38:34","guid":{"rendered":"https:\/\/shop.kustom.ch\/?post_type=product&#038;p=727950"},"modified":"2026-04-01T19:39:55","modified_gmt":"2026-04-01T18:39:55","slug":"liam-herren-soft-shell-hoodie","status":"publish","type":"product","link":"https:\/\/shop.kustom.ch\/fr\/produit\/liam-herren-soft-shell-hoodie\/","title":{"rendered":"Sweat \u00e0 capuche souple pour homme Liam"},"content":{"rendered":"<p>Liam . Ce hoodie softshell l\u00e9ger en mat\u00e9riau d\u00e9perlant offre un \u00e9change de chaleur optimal gr\u00e2ce \u00e0 sa membrane int\u00e9gr\u00e9e - id\u00e9al pour les journ\u00e9es actives par temps variable.<\/p>","protected":false},"excerpt":{"rendered":"<p>Liam . Ce hoodie softshell l\u00e9ger en mat\u00e9riau d\u00e9perlant offre un \u00e9change de chaleur optimal gr\u00e2ce \u00e0 sa membrane int\u00e9gr\u00e9e - id\u00e9al pour les journ\u00e9es actives par temps variable.<\/p>","protected":false},"featured_media":728008,"template":"","meta":[],"product_brand":[],"product_cat":[4184],"product_tag":[],"class_list":{"0":"post-727950","1":"product","2":"type-product","3":"status-publish","4":"has-post-thumbnail","6":"product_cat-hoodies-pullover","7":"pa_brand-rukka","8":"pa_brand-type-workwear","9":"pa_filter-color-grau","10":"pa_filter-color-schwarz","12":"first","13":"instock","14":"taxable","15":"shipping-taxable","16":"purchasable","17":"product-type-variable","18":"add-to-wishlist-before_image"},"exclude_global_add_ons":[],"addons":[],"acf":[],"_links":{"self":[{"href":"https:\/\/shop.kustom.ch\/fr\/wp-json\/wp\/v2\/product\/727950"}],"collection":[{"href":"https:\/\/shop.kustom.ch\/fr\/wp-json\/wp\/v2\/product"}],"about":[{"href":"https:\/\/shop.kustom.ch\/fr\/wp-json\/wp\/v2\/types\/product"}],"wp:featuredmedia":[{"embeddable":true,"href":"https:\/\/shop.kustom.ch\/fr\/wp-json\/wp\/v2\/media\/728008"}],"wp:attachment":[{"href":"https:\/\/shop.kustom.ch\/fr\/wp-json\/wp\/v2\/media?parent=727950"}],"wp:term":[{"taxonomy":"product_brand","embeddable":true,"href":"https:\/\/shop.kustom.ch\/fr\/wp-json\/wp\/v2\/product_brand?post=727950"},{"taxonomy":"product_cat","embeddable":true,"href":"https:\/\/shop.kustom.ch\/fr\/wp-json\/wp\/v2\/product_cat?post=727950"},{"taxonomy":"product_tag","embeddable":true,"href":"https:\/\/shop.kustom.ch\/fr\/wp-json\/wp\/v2\/product_tag?post=727950"}],"curies":[{"name":"wp","href":"https:\/\/api.w.org\/{rel}","templated":true}]}}