{"id":727925,"date":"2026-04-01T19:38:07","date_gmt":"2026-04-01T18:38:07","guid":{"rendered":"https:\/\/shop.kustom.ch\/?post_type=product&#038;p=727925"},"modified":"2026-04-01T19:39:53","modified_gmt":"2026-04-01T18:39:53","slug":"jonah-herren-thermo-gilet","status":"publish","type":"product","link":"https:\/\/shop.kustom.ch\/fr\/produit\/jonah-herren-thermo-gilet\/","title":{"rendered":"Jonah Thermo Gilet pour hommes"},"content":{"rendered":"<p>Jonah . Avec son rembourrage No-Down de 240 g\/m\u00b2, la veste Jonah tient le corps agr\u00e9ablement chaud tout en offrant une bonne libert\u00e9 de mouvement au niveau des bras - id\u00e9ale pour les journ\u00e9es d'hiver actives.<\/p>","protected":false},"excerpt":{"rendered":"<p>Jonah . Avec son rembourrage No-Down de 240 g\/m\u00b2, la veste Jonah tient le corps agr\u00e9ablement chaud tout en offrant une bonne libert\u00e9 de mouvement au niveau des bras - id\u00e9ale pour les journ\u00e9es d'hiver actives.<\/p>","protected":false},"featured_media":727991,"template":"","meta":[],"product_brand":[],"product_cat":[4208],"product_tag":[],"class_list":{"0":"post-727925","1":"product","2":"type-product","3":"status-publish","4":"has-post-thumbnail","6":"product_cat-westen","7":"pa_brand-rukka","8":"pa_brand-type-workwear","9":"pa_filter-color-blau","10":"pa_filter-color-gruen","12":"first","13":"instock","14":"taxable","15":"shipping-taxable","16":"purchasable","17":"product-type-variable","18":"add-to-wishlist-before_image"},"exclude_global_add_ons":[],"addons":[],"acf":[],"_links":{"self":[{"href":"https:\/\/shop.kustom.ch\/fr\/wp-json\/wp\/v2\/product\/727925"}],"collection":[{"href":"https:\/\/shop.kustom.ch\/fr\/wp-json\/wp\/v2\/product"}],"about":[{"href":"https:\/\/shop.kustom.ch\/fr\/wp-json\/wp\/v2\/types\/product"}],"wp:featuredmedia":[{"embeddable":true,"href":"https:\/\/shop.kustom.ch\/fr\/wp-json\/wp\/v2\/media\/727991"}],"wp:attachment":[{"href":"https:\/\/shop.kustom.ch\/fr\/wp-json\/wp\/v2\/media?parent=727925"}],"wp:term":[{"taxonomy":"product_brand","embeddable":true,"href":"https:\/\/shop.kustom.ch\/fr\/wp-json\/wp\/v2\/product_brand?post=727925"},{"taxonomy":"product_cat","embeddable":true,"href":"https:\/\/shop.kustom.ch\/fr\/wp-json\/wp\/v2\/product_cat?post=727925"},{"taxonomy":"product_tag","embeddable":true,"href":"https:\/\/shop.kustom.ch\/fr\/wp-json\/wp\/v2\/product_tag?post=727925"}],"curies":[{"name":"wp","href":"https:\/\/api.w.org\/{rel}","templated":true}]}}