{"id":727924,"date":"2026-04-01T19:38:07","date_gmt":"2026-04-01T18:38:07","guid":{"rendered":"https:\/\/shop.kustom.ch\/?post_type=product&#038;p=727924"},"modified":"2026-04-01T19:39:21","modified_gmt":"2026-04-01T18:39:21","slug":"lester-merino","status":"publish","type":"product","link":"https:\/\/shop.kustom.ch\/fr\/produit\/lester-merino\/","title":{"rendered":"Lester Merino"},"content":{"rendered":"<p>Lester . Ce t-shirt en m\u00e9rinos \u00e0 manches longues est le compagnon id\u00e9al pour les aventures en plein air - il r\u00e9gule la temp\u00e9rature, est agr\u00e9able \u00e0 porter et id\u00e9al pour les conditions changeantes.<\/p>","protected":false},"excerpt":{"rendered":"<p>Lester . Ce t-shirt en m\u00e9rinos \u00e0 manches longues est le compagnon id\u00e9al pour les aventures en plein air - il r\u00e9gule la temp\u00e9rature, est agr\u00e9able \u00e0 porter et id\u00e9al pour les conditions changeantes.<\/p>","protected":false},"featured_media":727974,"template":"","meta":[],"product_brand":[],"product_cat":[4201],"product_tag":[],"class_list":{"0":"post-727924","1":"product","2":"type-product","3":"status-publish","4":"has-post-thumbnail","6":"product_cat-t-shirts","7":"pa_brand-rukka","8":"pa_brand-type-workwear","9":"pa_filter-color-blau","10":"pa_filter-color-gruen","12":"first","13":"instock","14":"taxable","15":"shipping-taxable","16":"purchasable","17":"product-type-variable","18":"add-to-wishlist-before_image"},"exclude_global_add_ons":[],"addons":[],"acf":[],"_links":{"self":[{"href":"https:\/\/shop.kustom.ch\/fr\/wp-json\/wp\/v2\/product\/727924"}],"collection":[{"href":"https:\/\/shop.kustom.ch\/fr\/wp-json\/wp\/v2\/product"}],"about":[{"href":"https:\/\/shop.kustom.ch\/fr\/wp-json\/wp\/v2\/types\/product"}],"wp:featuredmedia":[{"embeddable":true,"href":"https:\/\/shop.kustom.ch\/fr\/wp-json\/wp\/v2\/media\/727974"}],"wp:attachment":[{"href":"https:\/\/shop.kustom.ch\/fr\/wp-json\/wp\/v2\/media?parent=727924"}],"wp:term":[{"taxonomy":"product_brand","embeddable":true,"href":"https:\/\/shop.kustom.ch\/fr\/wp-json\/wp\/v2\/product_brand?post=727924"},{"taxonomy":"product_cat","embeddable":true,"href":"https:\/\/shop.kustom.ch\/fr\/wp-json\/wp\/v2\/product_cat?post=727924"},{"taxonomy":"product_tag","embeddable":true,"href":"https:\/\/shop.kustom.ch\/fr\/wp-json\/wp\/v2\/product_tag?post=727924"}],"curies":[{"name":"wp","href":"https:\/\/api.w.org\/{rel}","templated":true}]}}