{"id":727873,"date":"2026-04-01T19:37:06","date_gmt":"2026-04-01T18:37:06","guid":{"rendered":"https:\/\/shop.kustom.ch\/?post_type=product&#038;p=727873"},"modified":"2026-04-01T19:38:30","modified_gmt":"2026-04-01T18:38:30","slug":"amar-herren-thermo-jacke","status":"publish","type":"product","link":"https:\/\/shop.kustom.ch\/fr\/produit\/amar-herren-thermo-jacke\/","title":{"rendered":"Veste thermique pour hommes Amar"},"content":{"rendered":"<p>Amar. Cette veste avec un rembourrage No-Down de 130 g\/m\u00b2 est id\u00e9ale comme deuxi\u00e8me couche sous une veste de ski ou de pluie. Gr\u00e2ce \u00e0 son faible poids, elle est le compagnon id\u00e9al des personnes actives - l\u00e9g\u00e8re, fonctionnelle et polyvalente.<\/p>","protected":false},"excerpt":{"rendered":"<p>Amar. Cette veste avec un rembourrage No-Down de 130 g\/m\u00b2 est id\u00e9ale comme deuxi\u00e8me couche sous une veste de ski ou de pluie. Gr\u00e2ce \u00e0 son faible poids, elle est le compagnon id\u00e9al des personnes actives - l\u00e9g\u00e8re, fonctionnelle et polyvalente.<\/p>","protected":false},"featured_media":727923,"template":"","meta":[],"product_brand":[],"product_cat":[4186],"product_tag":[],"class_list":{"0":"post-727873","1":"product","2":"type-product","3":"status-publish","4":"has-post-thumbnail","6":"product_cat-jacken","7":"pa_brand-rukka","8":"pa_brand-type-workwear","9":"pa_filter-color-blau","10":"pa_filter-color-gruen","11":"pa_filter-color-schwarz","13":"first","14":"instock","15":"taxable","16":"shipping-taxable","17":"purchasable","18":"product-type-variable","19":"add-to-wishlist-before_image"},"exclude_global_add_ons":[],"addons":[],"acf":[],"_links":{"self":[{"href":"https:\/\/shop.kustom.ch\/fr\/wp-json\/wp\/v2\/product\/727873"}],"collection":[{"href":"https:\/\/shop.kustom.ch\/fr\/wp-json\/wp\/v2\/product"}],"about":[{"href":"https:\/\/shop.kustom.ch\/fr\/wp-json\/wp\/v2\/types\/product"}],"wp:featuredmedia":[{"embeddable":true,"href":"https:\/\/shop.kustom.ch\/fr\/wp-json\/wp\/v2\/media\/727923"}],"wp:attachment":[{"href":"https:\/\/shop.kustom.ch\/fr\/wp-json\/wp\/v2\/media?parent=727873"}],"wp:term":[{"taxonomy":"product_brand","embeddable":true,"href":"https:\/\/shop.kustom.ch\/fr\/wp-json\/wp\/v2\/product_brand?post=727873"},{"taxonomy":"product_cat","embeddable":true,"href":"https:\/\/shop.kustom.ch\/fr\/wp-json\/wp\/v2\/product_cat?post=727873"},{"taxonomy":"product_tag","embeddable":true,"href":"https:\/\/shop.kustom.ch\/fr\/wp-json\/wp\/v2\/product_tag?post=727873"}],"curies":[{"name":"wp","href":"https:\/\/api.w.org\/{rel}","templated":true}]}}