{"id":727822,"date":"2026-04-01T19:36:10","date_gmt":"2026-04-01T18:36:10","guid":{"rendered":"https:\/\/shop.kustom.ch\/?post_type=product&#038;p=727822"},"modified":"2026-04-01T19:37:59","modified_gmt":"2026-04-01T18:37:59","slug":"mack-herren-regenhose","status":"publish","type":"product","link":"https:\/\/shop.kustom.ch\/fr\/produit\/mack-herren-regenhose\/","title":{"rendered":"Pantalon de pluie Mack pour hommes"},"content":{"rendered":"<p>Mack. Ce pantalon de pluie l\u00e9ger \u00e0 3 couches est non seulement enti\u00e8rement r\u00e9sistant aux intemp\u00e9ries avec une colonne d'eau de 20\u2019000 mm, mais il offre \u00e9galement un acc\u00e8s sans effort gr\u00e2ce \u00e0 la fermeture \u00e9clair lat\u00e9rale sur toute la longueur.<\/p>","protected":false},"excerpt":{"rendered":"<p>Mack. Ce pantalon de pluie l\u00e9ger \u00e0 3 couches est non seulement enti\u00e8rement r\u00e9sistant aux intemp\u00e9ries avec une colonne d'eau de 20\u2019000 mm, mais il offre \u00e9galement un acc\u00e8s sans effort gr\u00e2ce \u00e0 la fermeture \u00e9clair lat\u00e9rale sur toute la longueur.<\/p>","protected":false},"featured_media":727888,"template":"","meta":[],"product_brand":[],"product_cat":[4185],"product_tag":[],"class_list":{"0":"post-727822","1":"product","2":"type-product","3":"status-publish","4":"has-post-thumbnail","6":"product_cat-hosen","7":"pa_brand-rukka","8":"pa_brand-type-workwear","9":"pa_filter-color-blau","10":"pa_filter-color-schwarz","12":"first","13":"instock","14":"taxable","15":"shipping-taxable","16":"purchasable","17":"product-type-variable","18":"add-to-wishlist-before_image"},"exclude_global_add_ons":[],"addons":[],"acf":[],"_links":{"self":[{"href":"https:\/\/shop.kustom.ch\/fr\/wp-json\/wp\/v2\/product\/727822"}],"collection":[{"href":"https:\/\/shop.kustom.ch\/fr\/wp-json\/wp\/v2\/product"}],"about":[{"href":"https:\/\/shop.kustom.ch\/fr\/wp-json\/wp\/v2\/types\/product"}],"wp:featuredmedia":[{"embeddable":true,"href":"https:\/\/shop.kustom.ch\/fr\/wp-json\/wp\/v2\/media\/727888"}],"wp:attachment":[{"href":"https:\/\/shop.kustom.ch\/fr\/wp-json\/wp\/v2\/media?parent=727822"}],"wp:term":[{"taxonomy":"product_brand","embeddable":true,"href":"https:\/\/shop.kustom.ch\/fr\/wp-json\/wp\/v2\/product_brand?post=727822"},{"taxonomy":"product_cat","embeddable":true,"href":"https:\/\/shop.kustom.ch\/fr\/wp-json\/wp\/v2\/product_cat?post=727822"},{"taxonomy":"product_tag","embeddable":true,"href":"https:\/\/shop.kustom.ch\/fr\/wp-json\/wp\/v2\/product_tag?post=727822"}],"curies":[{"name":"wp","href":"https:\/\/api.w.org\/{rel}","templated":true}]}}