{"id":727781,"date":"2026-04-01T19:35:14","date_gmt":"2026-04-01T18:35:14","guid":{"rendered":"https:\/\/shop.kustom.ch\/?post_type=product&#038;p=727781"},"modified":"2026-04-01T19:36:58","modified_gmt":"2026-04-01T18:36:58","slug":"darek-3-lagen-regenjacke","status":"publish","type":"product","link":"https:\/\/shop.kustom.ch\/fr\/produit\/darek-3-lagen-regenjacke\/","title":{"rendered":"Veste de pluie 3 couches Darek"},"content":{"rendered":"<p>Darek . Cette veste 3 couches simple mais tr\u00e8s fonctionnelle (20.000 mm) ne vous laissera pas tomber par tous les temps. Elle reste imperm\u00e9able de mani\u00e8re fiable tout en \u00e9tant agr\u00e9ablement douce sur la peau.<\/p>","protected":false},"excerpt":{"rendered":"<p>Darek . Cette veste 3 couches simple mais tr\u00e8s fonctionnelle (20.000 mm) ne vous laissera pas tomber par tous les temps. Elle reste imperm\u00e9able de mani\u00e8re fiable tout en \u00e9tant agr\u00e9ablement douce sur la peau.<\/p>","protected":false},"featured_media":727838,"template":"","meta":[],"product_brand":[],"product_cat":[4186],"product_tag":[],"class_list":{"0":"post-727781","1":"product","2":"type-product","3":"status-publish","4":"has-post-thumbnail","6":"product_cat-jacken","7":"pa_brand-rukka","8":"pa_brand-type-workwear","9":"pa_filter-color-blau","10":"pa_filter-color-gruen","12":"first","13":"instock","14":"taxable","15":"shipping-taxable","16":"purchasable","17":"product-type-variable","18":"add-to-wishlist-before_image"},"exclude_global_add_ons":[],"addons":[],"acf":[],"_links":{"self":[{"href":"https:\/\/shop.kustom.ch\/fr\/wp-json\/wp\/v2\/product\/727781"}],"collection":[{"href":"https:\/\/shop.kustom.ch\/fr\/wp-json\/wp\/v2\/product"}],"about":[{"href":"https:\/\/shop.kustom.ch\/fr\/wp-json\/wp\/v2\/types\/product"}],"wp:featuredmedia":[{"embeddable":true,"href":"https:\/\/shop.kustom.ch\/fr\/wp-json\/wp\/v2\/media\/727838"}],"wp:attachment":[{"href":"https:\/\/shop.kustom.ch\/fr\/wp-json\/wp\/v2\/media?parent=727781"}],"wp:term":[{"taxonomy":"product_brand","embeddable":true,"href":"https:\/\/shop.kustom.ch\/fr\/wp-json\/wp\/v2\/product_brand?post=727781"},{"taxonomy":"product_cat","embeddable":true,"href":"https:\/\/shop.kustom.ch\/fr\/wp-json\/wp\/v2\/product_cat?post=727781"},{"taxonomy":"product_tag","embeddable":true,"href":"https:\/\/shop.kustom.ch\/fr\/wp-json\/wp\/v2\/product_tag?post=727781"}],"curies":[{"name":"wp","href":"https:\/\/api.w.org\/{rel}","templated":true}]}}