{"id":727754,"date":"2026-04-01T19:34:45","date_gmt":"2026-04-01T18:34:45","guid":{"rendered":"https:\/\/shop.kustom.ch\/?post_type=product&#038;p=727754"},"modified":"2026-04-01T19:36:06","modified_gmt":"2026-04-01T18:36:06","slug":"lemar-herren-regenjacke","status":"publish","type":"product","link":"https:\/\/shop.kustom.ch\/fr\/produit\/lemar-herren-regenjacke\/","title":{"rendered":"Veste de pluie pour homme Lemar"},"content":{"rendered":"<p>Lemar, la veste de protection. Veste ultral\u00e9g\u00e8re contre le vent et la pluie, \u00e9lastique et r\u00e9sistante aux intemp\u00e9ries. Id\u00e9ale pour le v\u00e9lo, la randonn\u00e9e, le jogging et de nombreuses autres activit\u00e9s de plein air.<\/p>","protected":false},"excerpt":{"rendered":"<p>Lemar, la veste de protection. Veste ultral\u00e9g\u00e8re contre le vent et la pluie, \u00e9lastique et r\u00e9sistante aux intemp\u00e9ries. Id\u00e9ale pour le v\u00e9lo, la randonn\u00e9e, le jogging et de nombreuses autres activit\u00e9s de plein air.<\/p>","protected":false},"featured_media":727804,"template":"","meta":[],"product_brand":[],"product_cat":[4186],"product_tag":[],"class_list":{"0":"post-727754","1":"product","2":"type-product","3":"status-publish","4":"has-post-thumbnail","6":"product_cat-jacken","7":"pa_brand-rukka","8":"pa_brand-type-workwear","9":"pa_filter-color-gruen","10":"pa_filter-color-schwarz","12":"first","13":"instock","14":"taxable","15":"shipping-taxable","16":"purchasable","17":"product-type-variable","18":"add-to-wishlist-before_image"},"exclude_global_add_ons":[],"addons":[],"acf":[],"_links":{"self":[{"href":"https:\/\/shop.kustom.ch\/fr\/wp-json\/wp\/v2\/product\/727754"}],"collection":[{"href":"https:\/\/shop.kustom.ch\/fr\/wp-json\/wp\/v2\/product"}],"about":[{"href":"https:\/\/shop.kustom.ch\/fr\/wp-json\/wp\/v2\/types\/product"}],"wp:featuredmedia":[{"embeddable":true,"href":"https:\/\/shop.kustom.ch\/fr\/wp-json\/wp\/v2\/media\/727804"}],"wp:attachment":[{"href":"https:\/\/shop.kustom.ch\/fr\/wp-json\/wp\/v2\/media?parent=727754"}],"wp:term":[{"taxonomy":"product_brand","embeddable":true,"href":"https:\/\/shop.kustom.ch\/fr\/wp-json\/wp\/v2\/product_brand?post=727754"},{"taxonomy":"product_cat","embeddable":true,"href":"https:\/\/shop.kustom.ch\/fr\/wp-json\/wp\/v2\/product_cat?post=727754"},{"taxonomy":"product_tag","embeddable":true,"href":"https:\/\/shop.kustom.ch\/fr\/wp-json\/wp\/v2\/product_tag?post=727754"}],"curies":[{"name":"wp","href":"https:\/\/api.w.org\/{rel}","templated":true}]}}