{"id":727722,"date":"2026-04-01T19:34:10","date_gmt":"2026-04-01T18:34:10","guid":{"rendered":"https:\/\/shop.kustom.ch\/?post_type=product&#038;p=727722"},"modified":"2026-04-01T19:35:41","modified_gmt":"2026-04-01T18:35:41","slug":"elio-herren-thermo-gilet","status":"publish","type":"product","link":"https:\/\/shop.kustom.ch\/fr\/produit\/elio-herren-thermo-gilet\/","title":{"rendered":"Elio Gilet thermique pour hommes"},"content":{"rendered":"<p>Elio . Le gilet matelass\u00e9 l\u00e9ger assure une chaleur agr\u00e9able et offre de nombreuses possibilit\u00e9s d'utilisation. Il peut \u00eatre port\u00e9 de mani\u00e8re sportive ou d\u00e9contract\u00e9e avec une chemise ou un pull en maille en dessous.<\/p>","protected":false},"excerpt":{"rendered":"<p>Elio . Le gilet matelass\u00e9 l\u00e9ger assure une chaleur agr\u00e9able et offre de nombreuses possibilit\u00e9s d'utilisation. Il peut \u00eatre port\u00e9 de mani\u00e8re sportive ou d\u00e9contract\u00e9e avec une chemise ou un pull en maille en dessous.<\/p>","protected":false},"featured_media":727788,"template":"","meta":[],"product_brand":[],"product_cat":[4208],"product_tag":[],"class_list":{"0":"post-727722","1":"product","2":"type-product","3":"status-publish","4":"has-post-thumbnail","6":"product_cat-westen","7":"pa_brand-rukka","8":"pa_brand-type-workwear","9":"pa_filter-color-blau","10":"pa_filter-color-gruen","12":"first","13":"instock","14":"taxable","15":"shipping-taxable","16":"purchasable","17":"product-type-variable","18":"add-to-wishlist-before_image"},"exclude_global_add_ons":[],"addons":[],"acf":[],"_links":{"self":[{"href":"https:\/\/shop.kustom.ch\/fr\/wp-json\/wp\/v2\/product\/727722"}],"collection":[{"href":"https:\/\/shop.kustom.ch\/fr\/wp-json\/wp\/v2\/product"}],"about":[{"href":"https:\/\/shop.kustom.ch\/fr\/wp-json\/wp\/v2\/types\/product"}],"wp:featuredmedia":[{"embeddable":true,"href":"https:\/\/shop.kustom.ch\/fr\/wp-json\/wp\/v2\/media\/727788"}],"wp:attachment":[{"href":"https:\/\/shop.kustom.ch\/fr\/wp-json\/wp\/v2\/media?parent=727722"}],"wp:term":[{"taxonomy":"product_brand","embeddable":true,"href":"https:\/\/shop.kustom.ch\/fr\/wp-json\/wp\/v2\/product_brand?post=727722"},{"taxonomy":"product_cat","embeddable":true,"href":"https:\/\/shop.kustom.ch\/fr\/wp-json\/wp\/v2\/product_cat?post=727722"},{"taxonomy":"product_tag","embeddable":true,"href":"https:\/\/shop.kustom.ch\/fr\/wp-json\/wp\/v2\/product_tag?post=727722"}],"curies":[{"name":"wp","href":"https:\/\/api.w.org\/{rel}","templated":true}]}}