{"id":727694,"date":"2026-04-01T19:33:40","date_gmt":"2026-04-01T18:33:40","guid":{"rendered":"https:\/\/shop.kustom.ch\/?post_type=product&#038;p=727694"},"modified":"2026-04-01T19:34:40","modified_gmt":"2026-04-01T18:34:40","slug":"leano-herren-thermo-jacke","status":"publish","type":"product","link":"https:\/\/shop.kustom.ch\/fr\/produit\/leano-herren-thermo-jacke\/","title":{"rendered":"Veste thermique Leano pour hommes"},"content":{"rendered":"<p>Leano. Ce mod\u00e8le a \u00e9t\u00e9 matelass\u00e9 avec un nouveau layer super l\u00e9ger qui, gr\u00e2ce \u00e0 sa densit\u00e9, ne p\u00e8se presque rien tout en pr\u00e9sentant des valeurs d'isolation \u00e9lev\u00e9es. Gr\u00e2ce \u00e0 sa membrane fonctionnelle (10\u2019000 mm), Leano est \u00e9galement 100 % r\u00e9sistant aux intemp\u00e9ries.<\/p>","protected":false},"excerpt":{"rendered":"<p>Leano. Ce mod\u00e8le a \u00e9t\u00e9 matelass\u00e9 avec un nouveau layer super l\u00e9ger qui, gr\u00e2ce \u00e0 sa densit\u00e9, ne p\u00e8se presque rien tout en pr\u00e9sentant des valeurs d'isolation \u00e9lev\u00e9es. Gr\u00e2ce \u00e0 sa membrane fonctionnelle (10\u2019000 mm), Leano est \u00e9galement 100 % r\u00e9sistant aux intemp\u00e9ries.<\/p>","protected":false},"featured_media":727737,"template":"","meta":[],"product_brand":[],"product_cat":[4186],"product_tag":[],"class_list":{"0":"post-727694","1":"product","2":"type-product","3":"status-publish","4":"has-post-thumbnail","6":"product_cat-jacken","7":"pa_brand-rukka","8":"pa_brand-type-workwear","9":"pa_filter-color-gruen","10":"pa_filter-color-schwarz","12":"first","13":"instock","14":"taxable","15":"shipping-taxable","16":"purchasable","17":"product-type-variable","18":"add-to-wishlist-before_image"},"exclude_global_add_ons":[],"addons":[],"acf":[],"_links":{"self":[{"href":"https:\/\/shop.kustom.ch\/fr\/wp-json\/wp\/v2\/product\/727694"}],"collection":[{"href":"https:\/\/shop.kustom.ch\/fr\/wp-json\/wp\/v2\/product"}],"about":[{"href":"https:\/\/shop.kustom.ch\/fr\/wp-json\/wp\/v2\/types\/product"}],"wp:featuredmedia":[{"embeddable":true,"href":"https:\/\/shop.kustom.ch\/fr\/wp-json\/wp\/v2\/media\/727737"}],"wp:attachment":[{"href":"https:\/\/shop.kustom.ch\/fr\/wp-json\/wp\/v2\/media?parent=727694"}],"wp:term":[{"taxonomy":"product_brand","embeddable":true,"href":"https:\/\/shop.kustom.ch\/fr\/wp-json\/wp\/v2\/product_brand?post=727694"},{"taxonomy":"product_cat","embeddable":true,"href":"https:\/\/shop.kustom.ch\/fr\/wp-json\/wp\/v2\/product_cat?post=727694"},{"taxonomy":"product_tag","embeddable":true,"href":"https:\/\/shop.kustom.ch\/fr\/wp-json\/wp\/v2\/product_tag?post=727694"}],"curies":[{"name":"wp","href":"https:\/\/api.w.org\/{rel}","templated":true}]}}