{"id":727661,"date":"2026-04-01T19:33:10","date_gmt":"2026-04-01T18:33:10","guid":{"rendered":"https:\/\/shop.kustom.ch\/?post_type=product&#038;p=727661"},"modified":"2026-04-01T19:34:38","modified_gmt":"2026-04-01T18:34:38","slug":"esin-merino-herren-t-shirt","status":"publish","type":"product","link":"https:\/\/shop.kustom.ch\/fr\/produit\/esin-merino-herren-t-shirt\/","title":{"rendered":"Esin Merino T-shirt pour hommes"},"content":{"rendered":"<p>Esin Merino T-Shirt. Mit seinen temperaturregulierenden Eigenschaften k\u00fchlt es bei W\u00e4rme und sorgt f\u00fcr ein angenehmes Hautgef\u00fchl. Die antibakterielle Wirkung und der hervorragende Feuchtigkeitstransport machen es zum idealen Begleiter f\u00fcr aktive Tage.<\/p>","protected":false},"excerpt":{"rendered":"<p>Esin Merino T-Shirt. Mit seinen temperaturregulierenden Eigenschaften k\u00fchlt es bei W\u00e4rme und sorgt f\u00fcr ein angenehmes Hautgef\u00fchl. Die antibakterielle Wirkung und der hervorragende Feuchtigkeitstransport machen es zum idealen Begleiter f\u00fcr aktive Tage.<\/p>","protected":false},"featured_media":727711,"template":"","meta":[],"product_brand":[],"product_cat":[4201],"product_tag":[],"class_list":{"0":"post-727661","1":"product","2":"type-product","3":"status-publish","4":"has-post-thumbnail","6":"product_cat-t-shirts","7":"pa_brand-rukka","8":"pa_brand-type-workwear","9":"pa_filter-color-blau","10":"pa_filter-color-gruen","12":"first","13":"instock","14":"sale","15":"taxable","16":"shipping-taxable","17":"purchasable","18":"product-type-variable","19":"add-to-wishlist-before_image"},"exclude_global_add_ons":[],"addons":[],"acf":[],"_links":{"self":[{"href":"https:\/\/shop.kustom.ch\/fr\/wp-json\/wp\/v2\/product\/727661"}],"collection":[{"href":"https:\/\/shop.kustom.ch\/fr\/wp-json\/wp\/v2\/product"}],"about":[{"href":"https:\/\/shop.kustom.ch\/fr\/wp-json\/wp\/v2\/types\/product"}],"wp:featuredmedia":[{"embeddable":true,"href":"https:\/\/shop.kustom.ch\/fr\/wp-json\/wp\/v2\/media\/727711"}],"wp:attachment":[{"href":"https:\/\/shop.kustom.ch\/fr\/wp-json\/wp\/v2\/media?parent=727661"}],"wp:term":[{"taxonomy":"product_brand","embeddable":true,"href":"https:\/\/shop.kustom.ch\/fr\/wp-json\/wp\/v2\/product_brand?post=727661"},{"taxonomy":"product_cat","embeddable":true,"href":"https:\/\/shop.kustom.ch\/fr\/wp-json\/wp\/v2\/product_cat?post=727661"},{"taxonomy":"product_tag","embeddable":true,"href":"https:\/\/shop.kustom.ch\/fr\/wp-json\/wp\/v2\/product_tag?post=727661"}],"curies":[{"name":"wp","href":"https:\/\/api.w.org\/{rel}","templated":true}]}}