{"id":727637,"date":"2026-04-01T19:32:40","date_gmt":"2026-04-01T18:32:40","guid":{"rendered":"https:\/\/shop.kustom.ch\/?post_type=product&#038;p=727637"},"modified":"2026-04-01T19:34:03","modified_gmt":"2026-04-01T18:34:03","slug":"hunter-herren-strickfleece","status":"publish","type":"product","link":"https:\/\/shop.kustom.ch\/fr\/produit\/hunter-herren-strickfleece\/","title":{"rendered":"Polaire tricot\u00e9e Hunter pour hommes"},"content":{"rendered":"<p>La veste Hunter. La veste en polaire tricot\u00e9e cool avec un int\u00e9rieur gratt\u00e9 chaud et une capuche fixe.<\/p>","protected":false},"excerpt":{"rendered":"<p>La veste Hunter. La veste en polaire tricot\u00e9e cool avec un int\u00e9rieur gratt\u00e9 chaud et une capuche fixe.<\/p>","protected":false},"featured_media":727693,"template":"","meta":[],"product_brand":[],"product_cat":[4186],"product_tag":[],"class_list":{"0":"post-727637","1":"product","2":"type-product","3":"status-publish","4":"has-post-thumbnail","6":"product_cat-jacken","7":"pa_brand-rukka","8":"pa_brand-type-workwear","9":"pa_filter-color-grau","10":"pa_filter-color-schwarz","12":"first","13":"instock","14":"taxable","15":"shipping-taxable","16":"purchasable","17":"product-type-variable","18":"add-to-wishlist-before_image"},"exclude_global_add_ons":[],"addons":[],"acf":[],"_links":{"self":[{"href":"https:\/\/shop.kustom.ch\/fr\/wp-json\/wp\/v2\/product\/727637"}],"collection":[{"href":"https:\/\/shop.kustom.ch\/fr\/wp-json\/wp\/v2\/product"}],"about":[{"href":"https:\/\/shop.kustom.ch\/fr\/wp-json\/wp\/v2\/types\/product"}],"wp:featuredmedia":[{"embeddable":true,"href":"https:\/\/shop.kustom.ch\/fr\/wp-json\/wp\/v2\/media\/727693"}],"wp:attachment":[{"href":"https:\/\/shop.kustom.ch\/fr\/wp-json\/wp\/v2\/media?parent=727637"}],"wp:term":[{"taxonomy":"product_brand","embeddable":true,"href":"https:\/\/shop.kustom.ch\/fr\/wp-json\/wp\/v2\/product_brand?post=727637"},{"taxonomy":"product_cat","embeddable":true,"href":"https:\/\/shop.kustom.ch\/fr\/wp-json\/wp\/v2\/product_cat?post=727637"},{"taxonomy":"product_tag","embeddable":true,"href":"https:\/\/shop.kustom.ch\/fr\/wp-json\/wp\/v2\/product_tag?post=727637"}],"curies":[{"name":"wp","href":"https:\/\/api.w.org\/{rel}","templated":true}]}}