{"id":727618,"date":"2026-04-01T19:32:12","date_gmt":"2026-04-01T18:32:12","guid":{"rendered":"https:\/\/shop.kustom.ch\/?post_type=product&#038;p=727618"},"modified":"2026-04-01T19:33:37","modified_gmt":"2026-04-01T18:33:37","slug":"legend-herren-winterparka","status":"publish","type":"product","link":"https:\/\/shop.kustom.ch\/fr\/produit\/legend-herren-winterparka\/","title":{"rendered":"Parka d'hiver Legend pour hommes"},"content":{"rendered":"<p>Legend. Cette parka d'hiver tr\u00e8s chaude et r\u00e9sistante aux intemp\u00e9ries a aussi un aspect ext\u00e9rieur sobre et l'int\u00e9rieur est chaudement rembourr\u00e9. Peu importe o\u00f9 l'on va, avec Legend, on est habill\u00e9 chaudement.<\/p>","protected":false},"excerpt":{"rendered":"<p>Legend. Cette parka d'hiver tr\u00e8s chaude et r\u00e9sistante aux intemp\u00e9ries a aussi un aspect ext\u00e9rieur sobre et l'int\u00e9rieur est chaudement rembourr\u00e9. Peu importe o\u00f9 l'on va, avec Legend, on est habill\u00e9 chaudement.<\/p>","protected":false},"featured_media":727660,"template":"","meta":[],"product_brand":[],"product_cat":[4186],"product_tag":[],"class_list":{"0":"post-727618","1":"product","2":"type-product","3":"status-publish","4":"has-post-thumbnail","6":"product_cat-jacken","7":"pa_brand-rukka","8":"pa_brand-type-workwear","9":"pa_filter-color-blau","10":"pa_filter-color-braun","11":"pa_filter-color-gruen","12":"pa_filter-color-schwarz","14":"first","15":"instock","16":"taxable","17":"shipping-taxable","18":"purchasable","19":"product-type-variable","20":"add-to-wishlist-before_image"},"exclude_global_add_ons":[],"addons":[],"acf":[],"_links":{"self":[{"href":"https:\/\/shop.kustom.ch\/fr\/wp-json\/wp\/v2\/product\/727618"}],"collection":[{"href":"https:\/\/shop.kustom.ch\/fr\/wp-json\/wp\/v2\/product"}],"about":[{"href":"https:\/\/shop.kustom.ch\/fr\/wp-json\/wp\/v2\/types\/product"}],"wp:featuredmedia":[{"embeddable":true,"href":"https:\/\/shop.kustom.ch\/fr\/wp-json\/wp\/v2\/media\/727660"}],"wp:attachment":[{"href":"https:\/\/shop.kustom.ch\/fr\/wp-json\/wp\/v2\/media?parent=727618"}],"wp:term":[{"taxonomy":"product_brand","embeddable":true,"href":"https:\/\/shop.kustom.ch\/fr\/wp-json\/wp\/v2\/product_brand?post=727618"},{"taxonomy":"product_cat","embeddable":true,"href":"https:\/\/shop.kustom.ch\/fr\/wp-json\/wp\/v2\/product_cat?post=727618"},{"taxonomy":"product_tag","embeddable":true,"href":"https:\/\/shop.kustom.ch\/fr\/wp-json\/wp\/v2\/product_tag?post=727618"}],"curies":[{"name":"wp","href":"https:\/\/api.w.org\/{rel}","templated":true}]}}