{"id":727542,"date":"2026-04-01T19:30:54","date_gmt":"2026-04-01T18:30:54","guid":{"rendered":"https:\/\/shop.kustom.ch\/?post_type=product&#038;p=727542"},"modified":"2026-04-01T19:32:33","modified_gmt":"2026-04-01T18:32:33","slug":"archer-herren-3-in-1-parka","status":"publish","type":"product","link":"https:\/\/shop.kustom.ch\/fr\/produit\/archer-herren-3-in-1-parka\/","title":{"rendered":"Parka 3 en 1 pour hommes Archer"},"content":{"rendered":"<p>Archer . La nouvelle veste 3 en 1 avec sa belle veste matelass\u00e9e d\u00e9tachable prot\u00e8ge efficacement du vent et des intemp\u00e9ries tout au long de l'ann\u00e9e. Que ce soit en ville ou \u00e0 la montagne, avec Archer, on est toujours bien habill\u00e9.<\/p>","protected":false},"excerpt":{"rendered":"<p>Archer . La nouvelle veste 3 en 1 avec sa belle veste matelass\u00e9e d\u00e9tachable prot\u00e8ge efficacement du vent et des intemp\u00e9ries tout au long de l'ann\u00e9e. Que ce soit en ville ou \u00e0 la montagne, avec Archer, on est toujours bien habill\u00e9.<\/p>","protected":false},"featured_media":727585,"template":"","meta":[],"product_brand":[],"product_cat":[4186],"product_tag":[],"class_list":{"0":"post-727542","1":"product","2":"type-product","3":"status-publish","4":"has-post-thumbnail","6":"product_cat-jacken","7":"pa_brand-rukka","8":"pa_brand-type-workwear","9":"pa_filter-color-blau","10":"pa_filter-color-gelb","11":"pa_filter-color-gruen","12":"pa_filter-color-rot","13":"pa_filter-color-schwarz","15":"first","16":"instock","17":"taxable","18":"shipping-taxable","19":"purchasable","20":"product-type-variable","21":"add-to-wishlist-before_image"},"exclude_global_add_ons":[],"addons":[],"acf":[],"_links":{"self":[{"href":"https:\/\/shop.kustom.ch\/fr\/wp-json\/wp\/v2\/product\/727542"}],"collection":[{"href":"https:\/\/shop.kustom.ch\/fr\/wp-json\/wp\/v2\/product"}],"about":[{"href":"https:\/\/shop.kustom.ch\/fr\/wp-json\/wp\/v2\/types\/product"}],"wp:featuredmedia":[{"embeddable":true,"href":"https:\/\/shop.kustom.ch\/fr\/wp-json\/wp\/v2\/media\/727585"}],"wp:attachment":[{"href":"https:\/\/shop.kustom.ch\/fr\/wp-json\/wp\/v2\/media?parent=727542"}],"wp:term":[{"taxonomy":"product_brand","embeddable":true,"href":"https:\/\/shop.kustom.ch\/fr\/wp-json\/wp\/v2\/product_brand?post=727542"},{"taxonomy":"product_cat","embeddable":true,"href":"https:\/\/shop.kustom.ch\/fr\/wp-json\/wp\/v2\/product_cat?post=727542"},{"taxonomy":"product_tag","embeddable":true,"href":"https:\/\/shop.kustom.ch\/fr\/wp-json\/wp\/v2\/product_tag?post=727542"}],"curies":[{"name":"wp","href":"https:\/\/api.w.org\/{rel}","templated":true}]}}