{"id":727516,"date":"2026-04-01T19:30:28","date_gmt":"2026-04-01T18:30:28","guid":{"rendered":"https:\/\/shop.kustom.ch\/?post_type=product&#038;p=727516"},"modified":"2026-04-01T19:31:45","modified_gmt":"2026-04-01T18:31:45","slug":"lucas-merino-langarm-shirt","status":"publish","type":"product","link":"https:\/\/shop.kustom.ch\/fr\/produit\/lucas-merino-langarm-shirt\/","title":{"rendered":"T-shirt \u00e0 manches longues Lucas Merino"},"content":{"rendered":"<p>Le haut Lucas. Ce t-shirt, fabriqu\u00e9 en laine m\u00e9rinos 100 %, vous tient bien au chaud. C'est la couche d'isolation id\u00e9ale pour toutes les activit\u00e9s de plein air pendant la saison froide. Il p\u00e8se 200 g.<\/p>","protected":false},"excerpt":{"rendered":"<p>Le haut Lucas. Ce t-shirt, fabriqu\u00e9 en laine m\u00e9rinos 100 %, vous tient bien au chaud. C'est la couche d'isolation id\u00e9ale pour toutes les activit\u00e9s de plein air pendant la saison froide. Il p\u00e8se 200 g.<\/p>","protected":false},"featured_media":727566,"template":"","meta":[],"product_brand":[],"product_cat":[4201],"product_tag":[],"class_list":{"0":"post-727516","1":"product","2":"type-product","3":"status-publish","4":"has-post-thumbnail","6":"product_cat-t-shirts","7":"pa_brand-rukka","8":"pa_brand-type-workwear","9":"pa_filter-color-blau","10":"pa_filter-color-schwarz","12":"first","13":"instock","14":"taxable","15":"shipping-taxable","16":"purchasable","17":"product-type-variable","18":"add-to-wishlist-before_image"},"exclude_global_add_ons":[],"addons":[],"acf":[],"_links":{"self":[{"href":"https:\/\/shop.kustom.ch\/fr\/wp-json\/wp\/v2\/product\/727516"}],"collection":[{"href":"https:\/\/shop.kustom.ch\/fr\/wp-json\/wp\/v2\/product"}],"about":[{"href":"https:\/\/shop.kustom.ch\/fr\/wp-json\/wp\/v2\/types\/product"}],"wp:featuredmedia":[{"embeddable":true,"href":"https:\/\/shop.kustom.ch\/fr\/wp-json\/wp\/v2\/media\/727566"}],"wp:attachment":[{"href":"https:\/\/shop.kustom.ch\/fr\/wp-json\/wp\/v2\/media?parent=727516"}],"wp:term":[{"taxonomy":"product_brand","embeddable":true,"href":"https:\/\/shop.kustom.ch\/fr\/wp-json\/wp\/v2\/product_brand?post=727516"},{"taxonomy":"product_cat","embeddable":true,"href":"https:\/\/shop.kustom.ch\/fr\/wp-json\/wp\/v2\/product_cat?post=727516"},{"taxonomy":"product_tag","embeddable":true,"href":"https:\/\/shop.kustom.ch\/fr\/wp-json\/wp\/v2\/product_tag?post=727516"}],"curies":[{"name":"wp","href":"https:\/\/api.w.org\/{rel}","templated":true}]}}