{"id":727492,"date":"2026-04-01T19:29:55","date_gmt":"2026-04-01T18:29:55","guid":{"rendered":"https:\/\/shop.kustom.ch\/?post_type=product&#038;p=727492"},"modified":"2026-04-01T19:31:15","modified_gmt":"2026-04-01T18:31:15","slug":"cooper-herren-winterjacke","status":"publish","type":"product","link":"https:\/\/shop.kustom.ch\/fr\/produit\/cooper-herren-winterjacke\/","title":{"rendered":"Veste d'hiver pour homme Cooper"},"content":{"rendered":"<p>Cooper. Cette veste d'hiver r\u00e9sistante aux intemp\u00e9ries est id\u00e9ale pour un usage quotidien. Gr\u00e2ce \u00e0 la doublure piqu\u00e9e plus longue, \u00e0 la membrane r\u00e9sistante aux intemp\u00e9ries et \u00e0 la capuche qui se range dans le col, on est bien pr\u00e9par\u00e9 pour les jours froids et humides.<\/p>","protected":false},"excerpt":{"rendered":"<p>Cooper. Cette veste d'hiver r\u00e9sistante aux intemp\u00e9ries est id\u00e9ale pour un usage quotidien. Gr\u00e2ce \u00e0 la doublure piqu\u00e9e plus longue, \u00e0 la membrane r\u00e9sistante aux intemp\u00e9ries et \u00e0 la capuche qui se range dans le col, on est bien pr\u00e9par\u00e9 pour les jours froids et humides.<\/p>","protected":false},"featured_media":727541,"template":"","meta":[],"product_brand":[],"product_cat":[4186],"product_tag":[],"class_list":{"0":"post-727492","1":"product","2":"type-product","3":"status-publish","4":"has-post-thumbnail","6":"product_cat-jacken","7":"pa_brand-rukka","8":"pa_brand-type-workwear","9":"pa_filter-color-blau","10":"pa_filter-color-gruen","11":"pa_filter-color-schwarz","13":"first","14":"instock","15":"taxable","16":"shipping-taxable","17":"purchasable","18":"product-type-variable","19":"add-to-wishlist-before_image"},"exclude_global_add_ons":[],"addons":[],"acf":[],"_links":{"self":[{"href":"https:\/\/shop.kustom.ch\/fr\/wp-json\/wp\/v2\/product\/727492"}],"collection":[{"href":"https:\/\/shop.kustom.ch\/fr\/wp-json\/wp\/v2\/product"}],"about":[{"href":"https:\/\/shop.kustom.ch\/fr\/wp-json\/wp\/v2\/types\/product"}],"wp:featuredmedia":[{"embeddable":true,"href":"https:\/\/shop.kustom.ch\/fr\/wp-json\/wp\/v2\/media\/727541"}],"wp:attachment":[{"href":"https:\/\/shop.kustom.ch\/fr\/wp-json\/wp\/v2\/media?parent=727492"}],"wp:term":[{"taxonomy":"product_brand","embeddable":true,"href":"https:\/\/shop.kustom.ch\/fr\/wp-json\/wp\/v2\/product_brand?post=727492"},{"taxonomy":"product_cat","embeddable":true,"href":"https:\/\/shop.kustom.ch\/fr\/wp-json\/wp\/v2\/product_cat?post=727492"},{"taxonomy":"product_tag","embeddable":true,"href":"https:\/\/shop.kustom.ch\/fr\/wp-json\/wp\/v2\/product_tag?post=727492"}],"curies":[{"name":"wp","href":"https:\/\/api.w.org\/{rel}","templated":true}]}}