{"id":727382,"date":"2026-04-01T19:28:06","date_gmt":"2026-04-01T18:28:06","guid":{"rendered":"https:\/\/shop.kustom.ch\/?post_type=product&#038;p=727382"},"modified":"2026-04-01T19:29:01","modified_gmt":"2026-04-01T18:29:01","slug":"beat-herren-regenhose","status":"publish","type":"product","link":"https:\/\/shop.kustom.ch\/fr\/produit\/beat-herren-regenhose\/","title":{"rendered":"Pantalon de pluie Beat pour hommes"},"content":{"rendered":"<p>Beat . Le nouveau pantalon de pluie en tissu l\u00e9ger \u00e0 2,5 couches est particuli\u00e8rement l\u00e9ger et permet un enfilage rapide gr\u00e2ce \u00e0 la fermeture \u00e9clair lat\u00e9rale jusqu'au genou. Id\u00e9al lorsque la pluie se met \u00e0 tomber soudainement et qu'il faut aller vite.<\/p>","protected":false},"excerpt":{"rendered":"<p>Beat . Le nouveau pantalon de pluie en tissu l\u00e9ger \u00e0 2,5 couches est particuli\u00e8rement l\u00e9ger et permet un enfilage rapide gr\u00e2ce \u00e0 la fermeture \u00e9clair lat\u00e9rale jusqu'au genou. Id\u00e9al lorsque la pluie se met \u00e0 tomber soudainement et qu'il faut aller vite.<\/p>","protected":false},"featured_media":727424,"template":"","meta":[],"product_brand":[],"product_cat":[4185],"product_tag":[],"class_list":{"0":"post-727382","1":"product","2":"type-product","3":"status-publish","4":"has-post-thumbnail","6":"product_cat-hosen","7":"pa_brand-rukka","8":"pa_brand-type-workwear","9":"pa_filter-color-blau","10":"pa_filter-color-schwarz","12":"first","13":"instock","14":"taxable","15":"shipping-taxable","16":"purchasable","17":"product-type-variable","18":"add-to-wishlist-before_image"},"exclude_global_add_ons":[],"addons":[],"acf":[],"_links":{"self":[{"href":"https:\/\/shop.kustom.ch\/fr\/wp-json\/wp\/v2\/product\/727382"}],"collection":[{"href":"https:\/\/shop.kustom.ch\/fr\/wp-json\/wp\/v2\/product"}],"about":[{"href":"https:\/\/shop.kustom.ch\/fr\/wp-json\/wp\/v2\/types\/product"}],"wp:featuredmedia":[{"embeddable":true,"href":"https:\/\/shop.kustom.ch\/fr\/wp-json\/wp\/v2\/media\/727424"}],"wp:attachment":[{"href":"https:\/\/shop.kustom.ch\/fr\/wp-json\/wp\/v2\/media?parent=727382"}],"wp:term":[{"taxonomy":"product_brand","embeddable":true,"href":"https:\/\/shop.kustom.ch\/fr\/wp-json\/wp\/v2\/product_brand?post=727382"},{"taxonomy":"product_cat","embeddable":true,"href":"https:\/\/shop.kustom.ch\/fr\/wp-json\/wp\/v2\/product_cat?post=727382"},{"taxonomy":"product_tag","embeddable":true,"href":"https:\/\/shop.kustom.ch\/fr\/wp-json\/wp\/v2\/product_tag?post=727382"}],"curies":[{"name":"wp","href":"https:\/\/api.w.org\/{rel}","templated":true}]}}