{"id":727327,"date":"2026-04-01T19:27:14","date_gmt":"2026-04-01T18:27:14","guid":{"rendered":"https:\/\/shop.kustom.ch\/?post_type=product&#038;p=727327"},"modified":"2026-04-01T19:28:59","modified_gmt":"2026-04-01T18:28:59","slug":"brendon-3-lagen-regenjacke","status":"publish","type":"product","link":"https:\/\/shop.kustom.ch\/fr\/produit\/brendon-3-lagen-regenjacke\/","title":{"rendered":"Veste de pluie 3 couches Brendon"},"content":{"rendered":"<p>La veste Brendon. Cette veste 3 couches de premi\u00e8re qualit\u00e9 allie un look d\u00e9contract\u00e9 tr\u00e8s tendance \u00e0 une colonne d'eau de 20\u2019000 mm pour r\u00e9sister \u00e0 toutes les temp\u00eates.<\/p>","protected":false},"excerpt":{"rendered":"<p>La veste Brendon. Cette veste 3 couches de premi\u00e8re qualit\u00e9 allie un look d\u00e9contract\u00e9 tr\u00e8s tendance \u00e0 une colonne d'eau de 20\u2019000 mm pour r\u00e9sister \u00e0 toutes les temp\u00eates.<\/p>","protected":false},"featured_media":727381,"template":"","meta":[],"product_brand":[],"product_cat":[4186],"product_tag":[],"class_list":{"0":"post-727327","1":"product","2":"type-product","3":"status-publish","4":"has-post-thumbnail","6":"product_cat-jacken","7":"pa_brand-rukka","8":"pa_brand-type-workwear","9":"pa_filter-color-blau","10":"pa_filter-color-grau","11":"pa_filter-color-gruen","12":"pa_filter-color-schwarz","14":"first","15":"instock","16":"taxable","17":"shipping-taxable","18":"purchasable","19":"product-type-variable","20":"add-to-wishlist-before_image"},"exclude_global_add_ons":[],"addons":[],"acf":[],"_links":{"self":[{"href":"https:\/\/shop.kustom.ch\/fr\/wp-json\/wp\/v2\/product\/727327"}],"collection":[{"href":"https:\/\/shop.kustom.ch\/fr\/wp-json\/wp\/v2\/product"}],"about":[{"href":"https:\/\/shop.kustom.ch\/fr\/wp-json\/wp\/v2\/types\/product"}],"wp:featuredmedia":[{"embeddable":true,"href":"https:\/\/shop.kustom.ch\/fr\/wp-json\/wp\/v2\/media\/727381"}],"wp:attachment":[{"href":"https:\/\/shop.kustom.ch\/fr\/wp-json\/wp\/v2\/media?parent=727327"}],"wp:term":[{"taxonomy":"product_brand","embeddable":true,"href":"https:\/\/shop.kustom.ch\/fr\/wp-json\/wp\/v2\/product_brand?post=727327"},{"taxonomy":"product_cat","embeddable":true,"href":"https:\/\/shop.kustom.ch\/fr\/wp-json\/wp\/v2\/product_cat?post=727327"},{"taxonomy":"product_tag","embeddable":true,"href":"https:\/\/shop.kustom.ch\/fr\/wp-json\/wp\/v2\/product_tag?post=727327"}],"curies":[{"name":"wp","href":"https:\/\/api.w.org\/{rel}","templated":true}]}}