{"id":727266,"date":"2026-04-01T19:26:18","date_gmt":"2026-04-01T18:26:18","guid":{"rendered":"https:\/\/shop.kustom.ch\/?post_type=product&#038;p=727266"},"modified":"2026-04-01T19:27:37","modified_gmt":"2026-04-01T18:27:37","slug":"hobo-wf-hoodie","status":"publish","type":"product","link":"https:\/\/shop.kustom.ch\/fr\/produit\/hobo-wf-hoodie\/","title":{"rendered":"Hoodie WF Hobo"},"content":{"rendered":"<p>Hobo WF. Ce sweat \u00e0 capuche est fabriqu\u00e9 en coton bio et en PET recycl\u00e9. Un compagnon cool pour les aventures en pleine nature ou pour les soir\u00e9es d'hiver chill \u00e0 la maison.<\/p>","protected":false},"excerpt":{"rendered":"<p>Hobo WF. Ce sweat \u00e0 capuche est fabriqu\u00e9 en coton bio et en PET recycl\u00e9. Un compagnon cool pour les aventures en pleine nature ou pour les soir\u00e9es d'hiver chill \u00e0 la maison.<\/p>","protected":false},"featured_media":727326,"template":"","meta":[],"product_brand":[],"product_cat":[4184],"product_tag":[],"class_list":{"0":"post-727266","1":"product","2":"type-product","3":"status-publish","4":"has-post-thumbnail","6":"product_cat-hoodies-pullover","7":"pa_brand-rukka","8":"pa_brand-type-workwear","9":"pa_filter-color-blau","10":"pa_filter-color-grau","11":"pa_filter-color-schwarz","13":"first","14":"instock","15":"taxable","16":"shipping-taxable","17":"purchasable","18":"product-type-variable","19":"add-to-wishlist-before_image"},"exclude_global_add_ons":[],"addons":[],"acf":[],"_links":{"self":[{"href":"https:\/\/shop.kustom.ch\/fr\/wp-json\/wp\/v2\/product\/727266"}],"collection":[{"href":"https:\/\/shop.kustom.ch\/fr\/wp-json\/wp\/v2\/product"}],"about":[{"href":"https:\/\/shop.kustom.ch\/fr\/wp-json\/wp\/v2\/types\/product"}],"wp:featuredmedia":[{"embeddable":true,"href":"https:\/\/shop.kustom.ch\/fr\/wp-json\/wp\/v2\/media\/727326"}],"wp:attachment":[{"href":"https:\/\/shop.kustom.ch\/fr\/wp-json\/wp\/v2\/media?parent=727266"}],"wp:term":[{"taxonomy":"product_brand","embeddable":true,"href":"https:\/\/shop.kustom.ch\/fr\/wp-json\/wp\/v2\/product_brand?post=727266"},{"taxonomy":"product_cat","embeddable":true,"href":"https:\/\/shop.kustom.ch\/fr\/wp-json\/wp\/v2\/product_cat?post=727266"},{"taxonomy":"product_tag","embeddable":true,"href":"https:\/\/shop.kustom.ch\/fr\/wp-json\/wp\/v2\/product_tag?post=727266"}],"curies":[{"name":"wp","href":"https:\/\/api.w.org\/{rel}","templated":true}]}}