{"id":727199,"date":"2026-04-01T19:24:55","date_gmt":"2026-04-01T18:24:55","guid":{"rendered":"https:\/\/shop.kustom.ch\/?post_type=product&#038;p=727199"},"modified":"2026-04-01T19:26:38","modified_gmt":"2026-04-01T18:26:38","slug":"vance-herren-regenjacke","status":"publish","type":"product","link":"https:\/\/shop.kustom.ch\/fr\/produit\/vance-herren-regenjacke\/","title":{"rendered":"Veste de pluie pour homme Vance"},"content":{"rendered":"<p>Vance est un produit de qualit\u00e9. Est le successeur styl\u00e9 de Vito et convainc non seulement par son design attrayant, mais il est en outre 100% r\u00e9sistant aux intemp\u00e9ries.<\/p>","protected":false},"excerpt":{"rendered":"<p>Vance est un produit de qualit\u00e9. Est le successeur styl\u00e9 de Vito et convainc non seulement par son design attrayant, mais il est en outre 100% r\u00e9sistant aux intemp\u00e9ries.<\/p>","protected":false},"featured_media":727256,"template":"","meta":[],"product_brand":[],"product_cat":[4186],"product_tag":[],"class_list":{"0":"post-727199","1":"product","2":"type-product","3":"status-publish","4":"has-post-thumbnail","6":"product_cat-jacken","7":"pa_brand-rukka","8":"pa_brand-type-workwear","9":"pa_filter-color-blau","10":"pa_filter-color-gelb","11":"pa_filter-color-gruen","13":"first","14":"instock","15":"taxable","16":"shipping-taxable","17":"purchasable","18":"product-type-variable","19":"add-to-wishlist-before_image"},"exclude_global_add_ons":[],"addons":[],"acf":[],"_links":{"self":[{"href":"https:\/\/shop.kustom.ch\/fr\/wp-json\/wp\/v2\/product\/727199"}],"collection":[{"href":"https:\/\/shop.kustom.ch\/fr\/wp-json\/wp\/v2\/product"}],"about":[{"href":"https:\/\/shop.kustom.ch\/fr\/wp-json\/wp\/v2\/types\/product"}],"wp:featuredmedia":[{"embeddable":true,"href":"https:\/\/shop.kustom.ch\/fr\/wp-json\/wp\/v2\/media\/727256"}],"wp:attachment":[{"href":"https:\/\/shop.kustom.ch\/fr\/wp-json\/wp\/v2\/media?parent=727199"}],"wp:term":[{"taxonomy":"product_brand","embeddable":true,"href":"https:\/\/shop.kustom.ch\/fr\/wp-json\/wp\/v2\/product_brand?post=727199"},{"taxonomy":"product_cat","embeddable":true,"href":"https:\/\/shop.kustom.ch\/fr\/wp-json\/wp\/v2\/product_cat?post=727199"},{"taxonomy":"product_tag","embeddable":true,"href":"https:\/\/shop.kustom.ch\/fr\/wp-json\/wp\/v2\/product_tag?post=727199"}],"curies":[{"name":"wp","href":"https:\/\/api.w.org\/{rel}","templated":true}]}}