{"id":727141,"date":"2026-04-01T19:23:56","date_gmt":"2026-04-01T18:23:56","guid":{"rendered":"https:\/\/shop.kustom.ch\/?post_type=product&#038;p=727141"},"modified":"2026-04-01T19:25:20","modified_gmt":"2026-04-01T18:25:20","slug":"fisher-herren-sherpa-gilet","status":"publish","type":"product","link":"https:\/\/shop.kustom.ch\/fr\/produit\/fisher-herren-sherpa-gilet\/","title":{"rendered":"Fisher Hommes Sherpa Gilet"},"content":{"rendered":"<p>Fisher. Ce gilet l\u00e9ger en polaire sherpa agr\u00e9ablement chaude convient non seulement aux activit\u00e9s sportives de loisirs, mais peut aussi \u00eatre port\u00e9 confortablement sous une veste r\u00e9sistante aux intemp\u00e9ries. Polyvalent, ce gilet s'adapte \u00e0 toutes les occasions.<\/p>","protected":false},"excerpt":{"rendered":"<p>Fisher. Ce gilet l\u00e9ger en polaire sherpa agr\u00e9ablement chaude convient non seulement aux activit\u00e9s sportives de loisirs, mais peut aussi \u00eatre port\u00e9 confortablement sous une veste r\u00e9sistante aux intemp\u00e9ries. Polyvalent, ce gilet s'adapte \u00e0 toutes les occasions.<\/p>","protected":false},"featured_media":727197,"template":"","meta":[],"product_brand":[],"product_cat":[4208],"product_tag":[],"class_list":{"0":"post-727141","1":"product","2":"type-product","3":"status-publish","4":"has-post-thumbnail","6":"product_cat-westen","7":"pa_brand-rukka","8":"pa_brand-type-workwear","9":"pa_filter-color-gruen","10":"pa_filter-color-schwarz","11":"pa_filter-color-weiss","13":"first","14":"instock","15":"taxable","16":"shipping-taxable","17":"purchasable","18":"product-type-variable","19":"add-to-wishlist-before_image"},"exclude_global_add_ons":[],"addons":[],"acf":[],"_links":{"self":[{"href":"https:\/\/shop.kustom.ch\/fr\/wp-json\/wp\/v2\/product\/727141"}],"collection":[{"href":"https:\/\/shop.kustom.ch\/fr\/wp-json\/wp\/v2\/product"}],"about":[{"href":"https:\/\/shop.kustom.ch\/fr\/wp-json\/wp\/v2\/types\/product"}],"wp:featuredmedia":[{"embeddable":true,"href":"https:\/\/shop.kustom.ch\/fr\/wp-json\/wp\/v2\/media\/727197"}],"wp:attachment":[{"href":"https:\/\/shop.kustom.ch\/fr\/wp-json\/wp\/v2\/media?parent=727141"}],"wp:term":[{"taxonomy":"product_brand","embeddable":true,"href":"https:\/\/shop.kustom.ch\/fr\/wp-json\/wp\/v2\/product_brand?post=727141"},{"taxonomy":"product_cat","embeddable":true,"href":"https:\/\/shop.kustom.ch\/fr\/wp-json\/wp\/v2\/product_cat?post=727141"},{"taxonomy":"product_tag","embeddable":true,"href":"https:\/\/shop.kustom.ch\/fr\/wp-json\/wp\/v2\/product_tag?post=727141"}],"curies":[{"name":"wp","href":"https:\/\/api.w.org\/{rel}","templated":true}]}}