{"id":727115,"date":"2026-04-01T19:23:28","date_gmt":"2026-04-01T18:23:28","guid":{"rendered":"https:\/\/shop.kustom.ch\/?post_type=product&#038;p=727115"},"modified":"2026-04-01T19:24:49","modified_gmt":"2026-04-01T18:24:49","slug":"nilson-herren-regenjacke","status":"publish","type":"product","link":"https:\/\/shop.kustom.ch\/fr\/produit\/nilson-herren-regenjacke\/","title":{"rendered":"Veste de pluie Nilson pour hommes"},"content":{"rendered":"<p>Nilson. Cette veste de loisirs styl\u00e9e est absolument r\u00e9sistante aux intemp\u00e9ries et convient donc parfaitement \u00e0 une utilisation par temps instable en ville, dans la nature ou lors d'\u00e9v\u00e9nements en plein air.<\/p>","protected":false},"excerpt":{"rendered":"<p>Nilson. Cette veste de loisirs styl\u00e9e est absolument r\u00e9sistante aux intemp\u00e9ries et convient donc parfaitement \u00e0 une utilisation par temps instable en ville, dans la nature ou lors d'\u00e9v\u00e9nements en plein air.<\/p>","protected":false},"featured_media":727164,"template":"","meta":[],"product_brand":[],"product_cat":[4186],"product_tag":[],"class_list":{"0":"post-727115","1":"product","2":"type-product","3":"status-publish","4":"has-post-thumbnail","6":"product_cat-jacken","7":"pa_brand-rukka","8":"pa_brand-type-workwear","9":"pa_filter-color-blau","10":"pa_filter-color-gelb","11":"pa_filter-color-gruen","12":"pa_filter-color-schwarz","14":"first","15":"instock","16":"taxable","17":"shipping-taxable","18":"purchasable","19":"product-type-variable","20":"add-to-wishlist-before_image"},"exclude_global_add_ons":[],"addons":[],"acf":[],"_links":{"self":[{"href":"https:\/\/shop.kustom.ch\/fr\/wp-json\/wp\/v2\/product\/727115"}],"collection":[{"href":"https:\/\/shop.kustom.ch\/fr\/wp-json\/wp\/v2\/product"}],"about":[{"href":"https:\/\/shop.kustom.ch\/fr\/wp-json\/wp\/v2\/types\/product"}],"wp:featuredmedia":[{"embeddable":true,"href":"https:\/\/shop.kustom.ch\/fr\/wp-json\/wp\/v2\/media\/727164"}],"wp:attachment":[{"href":"https:\/\/shop.kustom.ch\/fr\/wp-json\/wp\/v2\/media?parent=727115"}],"wp:term":[{"taxonomy":"product_brand","embeddable":true,"href":"https:\/\/shop.kustom.ch\/fr\/wp-json\/wp\/v2\/product_brand?post=727115"},{"taxonomy":"product_cat","embeddable":true,"href":"https:\/\/shop.kustom.ch\/fr\/wp-json\/wp\/v2\/product_cat?post=727115"},{"taxonomy":"product_tag","embeddable":true,"href":"https:\/\/shop.kustom.ch\/fr\/wp-json\/wp\/v2\/product_tag?post=727115"}],"curies":[{"name":"wp","href":"https:\/\/api.w.org\/{rel}","templated":true}]}}