{"id":727067,"date":"2026-04-01T19:22:34","date_gmt":"2026-04-01T18:22:34","guid":{"rendered":"https:\/\/shop.kustom.ch\/?post_type=product&#038;p=727067"},"modified":"2026-04-01T19:24:18","modified_gmt":"2026-04-01T18:24:18","slug":"piker-herren-regenjacke","status":"publish","type":"product","link":"https:\/\/shop.kustom.ch\/fr\/produit\/piker-herren-regenjacke\/","title":{"rendered":"Veste de pluie Piker pour hommes"},"content":{"rendered":"<p>Piker . Cette veste l\u00e9g\u00e8re pour les loisirs et la pluie se range dans la poche gauche, ce qui permet de gagner de la place et d'\u00eatre toujours pr\u00eat lorsque le temps pluvieux te surprend.<\/p>","protected":false},"excerpt":{"rendered":"<p>Piker . Cette veste l\u00e9g\u00e8re pour les loisirs et la pluie se range dans la poche gauche, ce qui permet de gagner de la place et d'\u00eatre toujours pr\u00eat lorsque le temps pluvieux te surprend.<\/p>","protected":false},"featured_media":727131,"template":"","meta":[],"product_brand":[],"product_cat":[4186],"product_tag":[],"class_list":{"0":"post-727067","1":"product","2":"type-product","3":"status-publish","4":"has-post-thumbnail","6":"product_cat-jacken","7":"pa_brand-rukka","8":"pa_brand-type-workwear","9":"pa_filter-color-blau","10":"pa_filter-color-gruen","11":"pa_filter-color-schwarz","13":"first","14":"instock","15":"taxable","16":"shipping-taxable","17":"purchasable","18":"product-type-variable","19":"add-to-wishlist-before_image"},"exclude_global_add_ons":[],"addons":[],"acf":[],"_links":{"self":[{"href":"https:\/\/shop.kustom.ch\/fr\/wp-json\/wp\/v2\/product\/727067"}],"collection":[{"href":"https:\/\/shop.kustom.ch\/fr\/wp-json\/wp\/v2\/product"}],"about":[{"href":"https:\/\/shop.kustom.ch\/fr\/wp-json\/wp\/v2\/types\/product"}],"wp:featuredmedia":[{"embeddable":true,"href":"https:\/\/shop.kustom.ch\/fr\/wp-json\/wp\/v2\/media\/727131"}],"wp:attachment":[{"href":"https:\/\/shop.kustom.ch\/fr\/wp-json\/wp\/v2\/media?parent=727067"}],"wp:term":[{"taxonomy":"product_brand","embeddable":true,"href":"https:\/\/shop.kustom.ch\/fr\/wp-json\/wp\/v2\/product_brand?post=727067"},{"taxonomy":"product_cat","embeddable":true,"href":"https:\/\/shop.kustom.ch\/fr\/wp-json\/wp\/v2\/product_cat?post=727067"},{"taxonomy":"product_tag","embeddable":true,"href":"https:\/\/shop.kustom.ch\/fr\/wp-json\/wp\/v2\/product_tag?post=727067"}],"curies":[{"name":"wp","href":"https:\/\/api.w.org\/{rel}","templated":true}]}}