{"id":727008,"date":"2026-04-01T19:21:38","date_gmt":"2026-04-01T18:21:38","guid":{"rendered":"https:\/\/shop.kustom.ch\/?post_type=product&#038;p=727008"},"modified":"2026-04-01T19:22:58","modified_gmt":"2026-04-01T18:22:58","slug":"asher-3-lagen-herrenhose","status":"publish","type":"product","link":"https:\/\/shop.kustom.ch\/fr\/produit\/asher-3-lagen-herrenhose\/","title":{"rendered":"Pantalon Asher 3 couches pour hommes"},"content":{"rendered":"<p>Asher. Le nouveau pantalon 3 couches pour hommes est une protection polyvalente contre les intemp\u00e9ries pour toute l'ann\u00e9e. Avec une colonne d'eau \u00e9lev\u00e9e de 20.000 mm, le pantalon offre une protection fiable contre le froid, la neige et la pluie. En hiver, il prot\u00e8ge sur les pistes et en \u00e9t\u00e9, il sert de pantalon de pluie pour les activit\u00e9s de plein air. Le pantalon sobre est en m\u00eame temps un compagnon \u00e0 la mode.<\/p>","protected":false},"excerpt":{"rendered":"<p>Asher. Le nouveau pantalon 3 couches pour hommes est une protection polyvalente contre les intemp\u00e9ries pour toute l'ann\u00e9e. Avec une colonne d'eau \u00e9lev\u00e9e de 20.000 mm, le pantalon offre une protection fiable contre le froid, la neige et la pluie. En hiver, il prot\u00e8ge sur les pistes et en \u00e9t\u00e9, il sert de pantalon de pluie pour les activit\u00e9s de plein air. Le pantalon sobre est en m\u00eame temps un compagnon \u00e0 la mode.<\/p>","protected":false},"featured_media":727065,"template":"","meta":[],"product_brand":[],"product_cat":[4185],"product_tag":[],"class_list":{"0":"post-727008","1":"product","2":"type-product","3":"status-publish","4":"has-post-thumbnail","6":"product_cat-hosen","7":"pa_brand-rukka","8":"pa_brand-type-workwear","9":"pa_filter-color-blau","10":"pa_filter-color-gruen","11":"pa_filter-color-schwarz","13":"first","14":"instock","15":"taxable","16":"shipping-taxable","17":"purchasable","18":"product-type-variable","19":"add-to-wishlist-before_image"},"exclude_global_add_ons":[],"addons":[],"acf":[],"_links":{"self":[{"href":"https:\/\/shop.kustom.ch\/fr\/wp-json\/wp\/v2\/product\/727008"}],"collection":[{"href":"https:\/\/shop.kustom.ch\/fr\/wp-json\/wp\/v2\/product"}],"about":[{"href":"https:\/\/shop.kustom.ch\/fr\/wp-json\/wp\/v2\/types\/product"}],"wp:featuredmedia":[{"embeddable":true,"href":"https:\/\/shop.kustom.ch\/fr\/wp-json\/wp\/v2\/media\/727065"}],"wp:attachment":[{"href":"https:\/\/shop.kustom.ch\/fr\/wp-json\/wp\/v2\/media?parent=727008"}],"wp:term":[{"taxonomy":"product_brand","embeddable":true,"href":"https:\/\/shop.kustom.ch\/fr\/wp-json\/wp\/v2\/product_brand?post=727008"},{"taxonomy":"product_cat","embeddable":true,"href":"https:\/\/shop.kustom.ch\/fr\/wp-json\/wp\/v2\/product_cat?post=727008"},{"taxonomy":"product_tag","embeddable":true,"href":"https:\/\/shop.kustom.ch\/fr\/wp-json\/wp\/v2\/product_tag?post=727008"}],"curies":[{"name":"wp","href":"https:\/\/api.w.org\/{rel}","templated":true}]}}