{"id":726910,"date":"2026-04-01T19:19:57","date_gmt":"2026-04-01T18:19:57","guid":{"rendered":"https:\/\/shop.kustom.ch\/?post_type=product&#038;p=726910"},"modified":"2026-04-01T19:21:58","modified_gmt":"2026-04-01T18:21:58","slug":"deon-herren-skihose","status":"publish","type":"product","link":"https:\/\/shop.kustom.ch\/fr\/produit\/deon-herren-skihose\/","title":{"rendered":"Pantalon de ski Deon pour hommes"},"content":{"rendered":"<p>Deon . Le nouveau pantalon de ski est un match parfait avec les vestes Cosmo et Emmet et offre une coupe optimis\u00e9e ainsi qu'une finition r\u00e9sistante aux intemp\u00e9ries. Le pantalon prot\u00e8ge le porteur contre le vent et les intemp\u00e9ries tout en offrant un grand confort.<\/p>","protected":false},"excerpt":{"rendered":"<p>Deon . Le nouveau pantalon de ski est un match parfait avec les vestes Cosmo et Emmet et offre une coupe optimis\u00e9e ainsi qu'une finition r\u00e9sistante aux intemp\u00e9ries. Le pantalon prot\u00e8ge le porteur contre le vent et les intemp\u00e9ries tout en offrant un grand confort.<\/p>","protected":false},"featured_media":726973,"template":"","meta":[],"product_brand":[],"product_cat":[4185],"product_tag":[],"class_list":{"0":"post-726910","1":"product","2":"type-product","3":"status-publish","4":"has-post-thumbnail","6":"product_cat-hosen","7":"pa_brand-rukka","8":"pa_brand-type-workwear","9":"pa_filter-color-beige","10":"pa_filter-color-blau","11":"pa_filter-color-gruen","12":"pa_filter-color-schwarz","14":"first","15":"instock","16":"taxable","17":"shipping-taxable","18":"purchasable","19":"product-type-variable","20":"add-to-wishlist-before_image"},"exclude_global_add_ons":[],"addons":[],"acf":[],"_links":{"self":[{"href":"https:\/\/shop.kustom.ch\/fr\/wp-json\/wp\/v2\/product\/726910"}],"collection":[{"href":"https:\/\/shop.kustom.ch\/fr\/wp-json\/wp\/v2\/product"}],"about":[{"href":"https:\/\/shop.kustom.ch\/fr\/wp-json\/wp\/v2\/types\/product"}],"wp:featuredmedia":[{"embeddable":true,"href":"https:\/\/shop.kustom.ch\/fr\/wp-json\/wp\/v2\/media\/726973"}],"wp:attachment":[{"href":"https:\/\/shop.kustom.ch\/fr\/wp-json\/wp\/v2\/media?parent=726910"}],"wp:term":[{"taxonomy":"product_brand","embeddable":true,"href":"https:\/\/shop.kustom.ch\/fr\/wp-json\/wp\/v2\/product_brand?post=726910"},{"taxonomy":"product_cat","embeddable":true,"href":"https:\/\/shop.kustom.ch\/fr\/wp-json\/wp\/v2\/product_cat?post=726910"},{"taxonomy":"product_tag","embeddable":true,"href":"https:\/\/shop.kustom.ch\/fr\/wp-json\/wp\/v2\/product_tag?post=726910"}],"curies":[{"name":"wp","href":"https:\/\/api.w.org\/{rel}","templated":true}]}}