{"id":726885,"date":"2026-04-01T19:19:30","date_gmt":"2026-04-01T18:19:30","guid":{"rendered":"https:\/\/shop.kustom.ch\/?post_type=product&#038;p=726885"},"modified":"2026-04-01T19:21:12","modified_gmt":"2026-04-01T18:21:12","slug":"cosmo-herren-skijacke","status":"publish","type":"product","link":"https:\/\/shop.kustom.ch\/fr\/produit\/cosmo-herren-skijacke\/","title":{"rendered":"Veste de ski Cosmo pour hommes"},"content":{"rendered":"<p>La veste Cosmo. La nouvelle veste de ski est le compagnon id\u00e9al des amateurs de sports d'hiver qui souhaitent s'amuser sur les pistes m\u00eame par mauvais temps. Avec sa jupe pare-neige amovible et sa membrane r\u00e9sistante aux intemp\u00e9ries, cette veste offre une protection fiable contre le vent et les intemp\u00e9ries.<\/p>","protected":false},"excerpt":{"rendered":"<p>La veste Cosmo. La nouvelle veste de ski est le compagnon id\u00e9al des amateurs de sports d'hiver qui souhaitent s'amuser sur les pistes m\u00eame par mauvais temps. Avec sa jupe pare-neige amovible et sa membrane r\u00e9sistante aux intemp\u00e9ries, cette veste offre une protection fiable contre le vent et les intemp\u00e9ries.<\/p>","protected":false},"featured_media":726949,"template":"","meta":[],"product_brand":[],"product_cat":[4186],"product_tag":[],"class_list":{"0":"post-726885","1":"product","2":"type-product","3":"status-publish","4":"has-post-thumbnail","6":"product_cat-jacken","7":"pa_brand-rukka","8":"pa_brand-type-workwear","9":"pa_filter-color-beige","10":"pa_filter-color-gruen","11":"pa_filter-color-rot","13":"first","14":"instock","15":"taxable","16":"shipping-taxable","17":"purchasable","18":"product-type-variable","19":"add-to-wishlist-before_image"},"exclude_global_add_ons":[],"addons":[],"acf":[],"_links":{"self":[{"href":"https:\/\/shop.kustom.ch\/fr\/wp-json\/wp\/v2\/product\/726885"}],"collection":[{"href":"https:\/\/shop.kustom.ch\/fr\/wp-json\/wp\/v2\/product"}],"about":[{"href":"https:\/\/shop.kustom.ch\/fr\/wp-json\/wp\/v2\/types\/product"}],"wp:featuredmedia":[{"embeddable":true,"href":"https:\/\/shop.kustom.ch\/fr\/wp-json\/wp\/v2\/media\/726949"}],"wp:attachment":[{"href":"https:\/\/shop.kustom.ch\/fr\/wp-json\/wp\/v2\/media?parent=726885"}],"wp:term":[{"taxonomy":"product_brand","embeddable":true,"href":"https:\/\/shop.kustom.ch\/fr\/wp-json\/wp\/v2\/product_brand?post=726885"},{"taxonomy":"product_cat","embeddable":true,"href":"https:\/\/shop.kustom.ch\/fr\/wp-json\/wp\/v2\/product_cat?post=726885"},{"taxonomy":"product_tag","embeddable":true,"href":"https:\/\/shop.kustom.ch\/fr\/wp-json\/wp\/v2\/product_tag?post=726885"}],"curies":[{"name":"wp","href":"https:\/\/api.w.org\/{rel}","templated":true}]}}