{"id":726859,"date":"2026-04-01T19:19:04","date_gmt":"2026-04-01T18:19:04","guid":{"rendered":"https:\/\/shop.kustom.ch\/?post_type=product&#038;p=726859"},"modified":"2026-04-01T19:20:21","modified_gmt":"2026-04-01T18:20:21","slug":"motion-pants-winter-herren","status":"publish","type":"product","link":"https:\/\/shop.kustom.ch\/fr\/produit\/motion-pants-winter-herren\/","title":{"rendered":"Motion Pants Hiver Hommes"},"content":{"rendered":"<p>Motion hiver. Le pantalon de loisirs Motion hiver compl\u00e8te parfaitement le pantalon Motion d\u00e9j\u00e0 connu pour l'\u00e9t\u00e9 et la mi-saison. Avec sa doublure l\u00e9g\u00e8re, il offre une isolation thermique suppl\u00e9mentaire pour les journ\u00e9es fra\u00eeches, sans pour autant renoncer au confort et \u00e0 la libert\u00e9 de mouvement.<\/p>","protected":false},"excerpt":{"rendered":"<p>Motion hiver. Le pantalon de loisirs Motion hiver compl\u00e8te parfaitement le pantalon Motion d\u00e9j\u00e0 connu pour l'\u00e9t\u00e9 et la mi-saison. Avec sa doublure l\u00e9g\u00e8re, il offre une isolation thermique suppl\u00e9mentaire pour les journ\u00e9es fra\u00eeches, sans pour autant renoncer au confort et \u00e0 la libert\u00e9 de mouvement.<\/p>","protected":false},"featured_media":726917,"template":"","meta":[],"product_brand":[],"product_cat":[4185],"product_tag":[],"class_list":{"0":"post-726859","1":"product","2":"type-product","3":"status-publish","4":"has-post-thumbnail","6":"product_cat-hosen","7":"pa_brand-rukka","8":"pa_brand-type-workwear","9":"pa_filter-color-schwarz","11":"first","12":"instock","13":"taxable","14":"shipping-taxable","15":"purchasable","16":"product-type-variable","17":"add-to-wishlist-before_image"},"exclude_global_add_ons":[],"addons":[],"acf":[],"_links":{"self":[{"href":"https:\/\/shop.kustom.ch\/fr\/wp-json\/wp\/v2\/product\/726859"}],"collection":[{"href":"https:\/\/shop.kustom.ch\/fr\/wp-json\/wp\/v2\/product"}],"about":[{"href":"https:\/\/shop.kustom.ch\/fr\/wp-json\/wp\/v2\/types\/product"}],"wp:featuredmedia":[{"embeddable":true,"href":"https:\/\/shop.kustom.ch\/fr\/wp-json\/wp\/v2\/media\/726917"}],"wp:attachment":[{"href":"https:\/\/shop.kustom.ch\/fr\/wp-json\/wp\/v2\/media?parent=726859"}],"wp:term":[{"taxonomy":"product_brand","embeddable":true,"href":"https:\/\/shop.kustom.ch\/fr\/wp-json\/wp\/v2\/product_brand?post=726859"},{"taxonomy":"product_cat","embeddable":true,"href":"https:\/\/shop.kustom.ch\/fr\/wp-json\/wp\/v2\/product_cat?post=726859"},{"taxonomy":"product_tag","embeddable":true,"href":"https:\/\/shop.kustom.ch\/fr\/wp-json\/wp\/v2\/product_tag?post=726859"}],"curies":[{"name":"wp","href":"https:\/\/api.w.org\/{rel}","templated":true}]}}