{"id":726833,"date":"2026-04-01T19:18:35","date_gmt":"2026-04-01T18:18:35","guid":{"rendered":"https:\/\/shop.kustom.ch\/?post_type=product&#038;p=726833"},"modified":"2026-04-01T19:20:18","modified_gmt":"2026-04-01T18:20:18","slug":"carson-herren-fleece-jacke","status":"publish","type":"product","link":"https:\/\/shop.kustom.ch\/fr\/produit\/carson-herren-fleece-jacke\/","title":{"rendered":"Veste polaire Carson pour hommes"},"content":{"rendered":"<p>Carson . La polaire l\u00e9g\u00e8re Sherpa est une veste polyvalente, parfaite pour les temp\u00e9ratures douces ou comme couche d'isolation sous une veste de ski ou une veste de protection contre les intemp\u00e9ries. Le mat\u00e9riau doux et chaud garde le corps au chaud lorsque les temp\u00e9ratures sont fra\u00eeches et le prot\u00e8ge du vent et du froid.<\/p>","protected":false},"excerpt":{"rendered":"<p>Carson . La polaire l\u00e9g\u00e8re Sherpa est une veste polyvalente, parfaite pour les temp\u00e9ratures douces ou comme couche d'isolation sous une veste de ski ou une veste de protection contre les intemp\u00e9ries. Le mat\u00e9riau doux et chaud garde le corps au chaud lorsque les temp\u00e9ratures sont fra\u00eeches et le prot\u00e8ge du vent et du froid.<\/p>","protected":false},"featured_media":726892,"template":"","meta":[],"product_brand":[],"product_cat":[4186],"product_tag":[],"class_list":{"0":"post-726833","1":"product","2":"type-product","3":"status-publish","4":"has-post-thumbnail","6":"product_cat-jacken","7":"pa_brand-rukka","8":"pa_brand-type-workwear","9":"pa_filter-color-gruen","10":"pa_filter-color-schwarz","11":"pa_filter-color-weiss","13":"first","14":"instock","15":"taxable","16":"shipping-taxable","17":"purchasable","18":"product-type-variable","19":"add-to-wishlist-before_image"},"exclude_global_add_ons":[],"addons":[],"acf":[],"_links":{"self":[{"href":"https:\/\/shop.kustom.ch\/fr\/wp-json\/wp\/v2\/product\/726833"}],"collection":[{"href":"https:\/\/shop.kustom.ch\/fr\/wp-json\/wp\/v2\/product"}],"about":[{"href":"https:\/\/shop.kustom.ch\/fr\/wp-json\/wp\/v2\/types\/product"}],"wp:featuredmedia":[{"embeddable":true,"href":"https:\/\/shop.kustom.ch\/fr\/wp-json\/wp\/v2\/media\/726892"}],"wp:attachment":[{"href":"https:\/\/shop.kustom.ch\/fr\/wp-json\/wp\/v2\/media?parent=726833"}],"wp:term":[{"taxonomy":"product_brand","embeddable":true,"href":"https:\/\/shop.kustom.ch\/fr\/wp-json\/wp\/v2\/product_brand?post=726833"},{"taxonomy":"product_cat","embeddable":true,"href":"https:\/\/shop.kustom.ch\/fr\/wp-json\/wp\/v2\/product_cat?post=726833"},{"taxonomy":"product_tag","embeddable":true,"href":"https:\/\/shop.kustom.ch\/fr\/wp-json\/wp\/v2\/product_tag?post=726833"}],"curies":[{"name":"wp","href":"https:\/\/api.w.org\/{rel}","templated":true}]}}