{"id":726780,"date":"2026-04-01T19:17:31","date_gmt":"2026-04-01T18:17:31","guid":{"rendered":"https:\/\/shop.kustom.ch\/?post_type=product&#038;p=726780"},"modified":"2026-04-01T19:18:56","modified_gmt":"2026-04-01T18:18:56","slug":"elwin-herren-hybrid-jacke","status":"publish","type":"product","link":"https:\/\/shop.kustom.ch\/fr\/produit\/elwin-herren-hybrid-jacke\/","title":{"rendered":"Veste hybride Elwin pour hommes"},"content":{"rendered":"<p>Elwin. Que ce soit pour la randonn\u00e9e, l'escalade ou le ski, cette veste hybride est le compagnon id\u00e9al pour tous ceux qui accordent de l'importance \u00e0 la fonctionnalit\u00e9 et au confort. La partie avant est doubl\u00e9e d'un agr\u00e9able rembourrage no-down, tandis que la partie arri\u00e8re est l\u00e9g\u00e8re et hautement respirante. Cela la rend particuli\u00e8rement confortable et pratique \u00e0 la fois.<\/p>","protected":false},"excerpt":{"rendered":"<p>Elwin. Que ce soit pour la randonn\u00e9e, l'escalade ou le ski, cette veste hybride est le compagnon id\u00e9al pour tous ceux qui accordent de l'importance \u00e0 la fonctionnalit\u00e9 et au confort. La partie avant est doubl\u00e9e d'un agr\u00e9able rembourrage no-down, tandis que la partie arri\u00e8re est l\u00e9g\u00e8re et hautement respirante. Cela la rend particuli\u00e8rement confortable et pratique \u00e0 la fois.<\/p>","protected":false},"featured_media":726831,"template":"","meta":[],"product_brand":[],"product_cat":[4186],"product_tag":[],"class_list":{"0":"post-726780","1":"product","2":"type-product","3":"status-publish","4":"has-post-thumbnail","6":"product_cat-jacken","7":"pa_brand-rukka","8":"pa_brand-type-workwear","9":"pa_filter-color-blau","10":"pa_filter-color-schwarz","12":"first","13":"instock","14":"taxable","15":"shipping-taxable","16":"purchasable","17":"product-type-variable","18":"add-to-wishlist-before_image"},"exclude_global_add_ons":[],"addons":[],"acf":[],"_links":{"self":[{"href":"https:\/\/shop.kustom.ch\/fr\/wp-json\/wp\/v2\/product\/726780"}],"collection":[{"href":"https:\/\/shop.kustom.ch\/fr\/wp-json\/wp\/v2\/product"}],"about":[{"href":"https:\/\/shop.kustom.ch\/fr\/wp-json\/wp\/v2\/types\/product"}],"wp:featuredmedia":[{"embeddable":true,"href":"https:\/\/shop.kustom.ch\/fr\/wp-json\/wp\/v2\/media\/726831"}],"wp:attachment":[{"href":"https:\/\/shop.kustom.ch\/fr\/wp-json\/wp\/v2\/media?parent=726780"}],"wp:term":[{"taxonomy":"product_brand","embeddable":true,"href":"https:\/\/shop.kustom.ch\/fr\/wp-json\/wp\/v2\/product_brand?post=726780"},{"taxonomy":"product_cat","embeddable":true,"href":"https:\/\/shop.kustom.ch\/fr\/wp-json\/wp\/v2\/product_cat?post=726780"},{"taxonomy":"product_tag","embeddable":true,"href":"https:\/\/shop.kustom.ch\/fr\/wp-json\/wp\/v2\/product_tag?post=726780"}],"curies":[{"name":"wp","href":"https:\/\/api.w.org\/{rel}","templated":true}]}}