{"id":726492,"date":"2026-04-01T19:12:35","date_gmt":"2026-04-01T18:12:35","guid":{"rendered":"https:\/\/shop.kustom.ch\/?post_type=product&#038;p=726492"},"modified":"2026-04-01T19:14:43","modified_gmt":"2026-04-01T18:14:43","slug":"marcello-herren-fleece-jacke","status":"publish","type":"product","link":"https:\/\/shop.kustom.ch\/fr\/produit\/marcello-herren-fleece-jacke\/","title":{"rendered":"Veste polaire Marcello pour hommes"},"content":{"rendered":"<p>Marcello. La nouvelle polaire sportive est fabriqu\u00e9e \u00e0 partir de tissu recycl\u00e9 en PET. Elle est merveilleusement douce au toucher et a une tr\u00e8s belle coupe. Marcello peut \u00eatre utilis\u00e9 pour de nombreuses activit\u00e9s de plein air et convient \u00e9galement pour \u00eatre d\u00e9cor\u00e9 avec le logo d'un club ou d'une entreprise.<\/p>","protected":false},"excerpt":{"rendered":"<p>Marcello. La nouvelle polaire sportive est fabriqu\u00e9e \u00e0 partir de tissu recycl\u00e9 en PET. Elle est merveilleusement douce au toucher et a une tr\u00e8s belle coupe. Marcello peut \u00eatre utilis\u00e9 pour de nombreuses activit\u00e9s de plein air et convient \u00e9galement pour \u00eatre d\u00e9cor\u00e9 avec le logo d'un club ou d'une entreprise.<\/p>","protected":false},"featured_media":726546,"template":"","meta":[],"product_brand":[],"product_cat":[4186],"product_tag":[],"class_list":{"0":"post-726492","1":"product","2":"type-product","3":"status-publish","4":"has-post-thumbnail","6":"product_cat-jacken","7":"pa_brand-rukka","8":"pa_brand-type-workwear","9":"pa_filter-color-blau","10":"pa_filter-color-grau","11":"pa_filter-color-rot","12":"pa_filter-color-schwarz","14":"first","15":"instock","16":"taxable","17":"shipping-taxable","18":"purchasable","19":"product-type-variable","20":"add-to-wishlist-before_image"},"exclude_global_add_ons":[],"addons":[],"acf":[],"_links":{"self":[{"href":"https:\/\/shop.kustom.ch\/fr\/wp-json\/wp\/v2\/product\/726492"}],"collection":[{"href":"https:\/\/shop.kustom.ch\/fr\/wp-json\/wp\/v2\/product"}],"about":[{"href":"https:\/\/shop.kustom.ch\/fr\/wp-json\/wp\/v2\/types\/product"}],"wp:featuredmedia":[{"embeddable":true,"href":"https:\/\/shop.kustom.ch\/fr\/wp-json\/wp\/v2\/media\/726546"}],"wp:attachment":[{"href":"https:\/\/shop.kustom.ch\/fr\/wp-json\/wp\/v2\/media?parent=726492"}],"wp:term":[{"taxonomy":"product_brand","embeddable":true,"href":"https:\/\/shop.kustom.ch\/fr\/wp-json\/wp\/v2\/product_brand?post=726492"},{"taxonomy":"product_cat","embeddable":true,"href":"https:\/\/shop.kustom.ch\/fr\/wp-json\/wp\/v2\/product_cat?post=726492"},{"taxonomy":"product_tag","embeddable":true,"href":"https:\/\/shop.kustom.ch\/fr\/wp-json\/wp\/v2\/product_tag?post=726492"}],"curies":[{"name":"wp","href":"https:\/\/api.w.org\/{rel}","templated":true}]}}