{"id":726387,"date":"2026-04-01T19:10:56","date_gmt":"2026-04-01T18:10:56","guid":{"rendered":"https:\/\/shop.kustom.ch\/?post_type=product&#038;p=726387"},"modified":"2026-04-01T19:12:25","modified_gmt":"2026-04-01T18:12:25","slug":"motion-pants-herren-hose","status":"publish","type":"product","link":"https:\/\/shop.kustom.ch\/fr\/produit\/motion-pants-herren-hose\/","title":{"rendered":"Motion Pants Pantalon pour hommes"},"content":{"rendered":"<p>Pantalon Motion. On ne veut plus enlever le pantalon de loisirs Motion, tant il est confortable et parfaitement coup\u00e9. Le tissu stretch l\u00e9ger mais robuste est tr\u00e8s agr\u00e9able au toucher et offre une libert\u00e9 de mouvement maximale.<\/p>","protected":false},"excerpt":{"rendered":"<p>Pantalon Motion. On ne veut plus enlever le pantalon de loisirs Motion, tant il est confortable et parfaitement coup\u00e9. Le tissu stretch l\u00e9ger mais robuste est tr\u00e8s agr\u00e9able au toucher et offre une libert\u00e9 de mouvement maximale.<\/p>","protected":false},"featured_media":726441,"template":"","meta":[],"product_brand":[],"product_cat":[4185],"product_tag":[],"class_list":{"0":"post-726387","1":"product","2":"type-product","3":"status-publish","4":"has-post-thumbnail","6":"product_cat-hosen","7":"pa_brand-rukka","8":"pa_brand-type-workwear","9":"pa_filter-color-blau","10":"pa_filter-color-grau","11":"pa_filter-color-gruen","12":"pa_filter-color-schwarz","14":"first","15":"instock","16":"taxable","17":"shipping-taxable","18":"purchasable","19":"product-type-variable","20":"add-to-wishlist-before_image"},"exclude_global_add_ons":[],"addons":[],"acf":[],"_links":{"self":[{"href":"https:\/\/shop.kustom.ch\/fr\/wp-json\/wp\/v2\/product\/726387"}],"collection":[{"href":"https:\/\/shop.kustom.ch\/fr\/wp-json\/wp\/v2\/product"}],"about":[{"href":"https:\/\/shop.kustom.ch\/fr\/wp-json\/wp\/v2\/types\/product"}],"wp:featuredmedia":[{"embeddable":true,"href":"https:\/\/shop.kustom.ch\/fr\/wp-json\/wp\/v2\/media\/726441"}],"wp:attachment":[{"href":"https:\/\/shop.kustom.ch\/fr\/wp-json\/wp\/v2\/media?parent=726387"}],"wp:term":[{"taxonomy":"product_brand","embeddable":true,"href":"https:\/\/shop.kustom.ch\/fr\/wp-json\/wp\/v2\/product_brand?post=726387"},{"taxonomy":"product_cat","embeddable":true,"href":"https:\/\/shop.kustom.ch\/fr\/wp-json\/wp\/v2\/product_cat?post=726387"},{"taxonomy":"product_tag","embeddable":true,"href":"https:\/\/shop.kustom.ch\/fr\/wp-json\/wp\/v2\/product_tag?post=726387"}],"curies":[{"name":"wp","href":"https:\/\/api.w.org\/{rel}","templated":true}]}}