{"id":726330,"date":"2026-04-01T19:09:53","date_gmt":"2026-04-01T18:09:53","guid":{"rendered":"https:\/\/shop.kustom.ch\/?post_type=product&#038;p=726330"},"modified":"2026-04-01T19:10:24","modified_gmt":"2026-04-01T18:10:24","slug":"kurt-herren-pullover","status":"publish","type":"product","link":"https:\/\/shop.kustom.ch\/fr\/produit\/kurt-herren-pullover\/","title":{"rendered":"Pull pour homme Kurt"},"content":{"rendered":"<p>Kurt. Un pull-over sportif classique qui ne devrait manquer dans aucune armoire. \u201eKurt\u201c est fabriqu\u00e9 en fibres naturelles pures et peut \u00eatre port\u00e9 non seulement de mani\u00e8re d\u00e9contract\u00e9e, mais aussi de mani\u00e8re sportive.<\/p>","protected":false},"excerpt":{"rendered":"<p>Kurt. Un pull-over sportif classique qui ne devrait manquer dans aucune armoire. \u201eKurt\u201c est fabriqu\u00e9 en fibres naturelles pures et peut \u00eatre port\u00e9 non seulement de mani\u00e8re d\u00e9contract\u00e9e, mais aussi de mani\u00e8re sportive.<\/p>","protected":false},"featured_media":726359,"template":"","meta":[],"product_brand":[],"product_cat":[4184],"product_tag":[],"class_list":{"0":"post-726330","1":"product","2":"type-product","3":"status-publish","4":"has-post-thumbnail","6":"product_cat-hoodies-pullover","7":"pa_brand-rukka","8":"pa_brand-type-workwear","9":"pa_filter-color-blau","11":"first","12":"instock","13":"taxable","14":"shipping-taxable","15":"purchasable","16":"product-type-variable","17":"add-to-wishlist-before_image"},"exclude_global_add_ons":[],"addons":[],"acf":[],"_links":{"self":[{"href":"https:\/\/shop.kustom.ch\/fr\/wp-json\/wp\/v2\/product\/726330"}],"collection":[{"href":"https:\/\/shop.kustom.ch\/fr\/wp-json\/wp\/v2\/product"}],"about":[{"href":"https:\/\/shop.kustom.ch\/fr\/wp-json\/wp\/v2\/types\/product"}],"wp:featuredmedia":[{"embeddable":true,"href":"https:\/\/shop.kustom.ch\/fr\/wp-json\/wp\/v2\/media\/726359"}],"wp:attachment":[{"href":"https:\/\/shop.kustom.ch\/fr\/wp-json\/wp\/v2\/media?parent=726330"}],"wp:term":[{"taxonomy":"product_brand","embeddable":true,"href":"https:\/\/shop.kustom.ch\/fr\/wp-json\/wp\/v2\/product_brand?post=726330"},{"taxonomy":"product_cat","embeddable":true,"href":"https:\/\/shop.kustom.ch\/fr\/wp-json\/wp\/v2\/product_cat?post=726330"},{"taxonomy":"product_tag","embeddable":true,"href":"https:\/\/shop.kustom.ch\/fr\/wp-json\/wp\/v2\/product_tag?post=726330"}],"curies":[{"name":"wp","href":"https:\/\/api.w.org\/{rel}","templated":true}]}}