{"id":726289,"date":"2026-04-01T19:09:22","date_gmt":"2026-04-01T18:09:22","guid":{"rendered":"https:\/\/shop.kustom.ch\/?post_type=product&#038;p=726289"},"modified":"2026-04-01T19:10:21","modified_gmt":"2026-04-01T18:10:21","slug":"rukkaflex-hose","status":"publish","type":"product","link":"https:\/\/shop.kustom.ch\/fr\/produit\/rukkaflex-hose\/","title":{"rendered":"Pantalon Rukkaflex"},"content":{"rendered":"<p>Le pantalon de pluie robuste avec un tissu PU \u00e9lastique et respirant tient \u00e0 coup s\u00fbr. Les fermetures \u00e9clair lat\u00e9rales avec picots et la poche \u00e0 m\u00e8tre suppl\u00e9mentaire offrent une fonctionnalit\u00e9 suppl\u00e9mentaire.<\/p>","protected":false},"excerpt":{"rendered":"<p>Le pantalon de pluie robuste avec un tissu PU \u00e9lastique et respirant tient \u00e0 coup s\u00fbr. Les fermetures \u00e9clair lat\u00e9rales avec picots et la poche \u00e0 m\u00e8tre suppl\u00e9mentaire offrent une fonctionnalit\u00e9 suppl\u00e9mentaire.<\/p>","protected":false},"featured_media":726329,"template":"","meta":[],"product_brand":[],"product_cat":[4185],"product_tag":[],"class_list":{"0":"post-726289","1":"product","2":"type-product","3":"status-publish","4":"has-post-thumbnail","6":"product_cat-hosen","7":"pa_brand-rukka","8":"pa_brand-type-workwear","9":"pa_filter-color-blau","10":"pa_filter-color-grau","11":"pa_filter-color-gruen","13":"first","14":"instock","15":"taxable","16":"shipping-taxable","17":"purchasable","18":"product-type-variable","19":"add-to-wishlist-before_image"},"exclude_global_add_ons":[],"addons":[],"acf":[],"_links":{"self":[{"href":"https:\/\/shop.kustom.ch\/fr\/wp-json\/wp\/v2\/product\/726289"}],"collection":[{"href":"https:\/\/shop.kustom.ch\/fr\/wp-json\/wp\/v2\/product"}],"about":[{"href":"https:\/\/shop.kustom.ch\/fr\/wp-json\/wp\/v2\/types\/product"}],"wp:featuredmedia":[{"embeddable":true,"href":"https:\/\/shop.kustom.ch\/fr\/wp-json\/wp\/v2\/media\/726329"}],"wp:attachment":[{"href":"https:\/\/shop.kustom.ch\/fr\/wp-json\/wp\/v2\/media?parent=726289"}],"wp:term":[{"taxonomy":"product_brand","embeddable":true,"href":"https:\/\/shop.kustom.ch\/fr\/wp-json\/wp\/v2\/product_brand?post=726289"},{"taxonomy":"product_cat","embeddable":true,"href":"https:\/\/shop.kustom.ch\/fr\/wp-json\/wp\/v2\/product_cat?post=726289"},{"taxonomy":"product_tag","embeddable":true,"href":"https:\/\/shop.kustom.ch\/fr\/wp-json\/wp\/v2\/product_tag?post=726289"}],"curies":[{"name":"wp","href":"https:\/\/api.w.org\/{rel}","templated":true}]}}